{"id":438,"date":"2023-08-24T21:23:05","date_gmt":"2023-08-24T18:23:05","guid":{"rendered":"https:\/\/elfuratas.lt\/?post_type=product&#038;p=438"},"modified":"2024-03-15T20:53:26","modified_gmt":"2024-03-15T17:53:26","slug":"mokomasis-skruzdziu-akvariumas-formikariumas","status":"publish","type":"product","link":"https:\/\/elfuratas.lt\/index.php\/product\/mokomasis-skruzdziu-akvariumas-formikariumas\/","title":{"rendered":"Mokomasis skruzd\u017ei\u0173 akvariumas (formikariumas)"},"content":{"rendered":"<p>Dirbtinis skruzd\u0117lynas namuose &#8211; skamba \u012fdomiai. Ir visai nesunku tai padaryti! Viskas, ko Jums reikia &#8211; \u0161is mokomasis rinkinys ir kelios skruzd\u0117s. Specialus gelis bus j\u0173 namai ir maistas. Pagaukite kelias skruzdes, padarykite kelet\u0105 skylu\u010di\u0173 gelyje ir steb\u0117ti gyvenim\u0105. Vidutini\u0161kai skruzd\u0117l\u0117s gyvena \u0161iame akvariume apie 6 m\u0117nesius.<\/p>\n<p>Kart\u0105 per m\u0117nes\u012f akvarium\u0105 reikia atidaryti ir \u012fleisti \u0161vie\u017eio oro. Puiki stalo puo\u0161mena ma\u017eajam biologui!<\/p>\n<p>Komplekte akvariumas, didinamasis stiklas ir plastikinis \u0161iaudelis.<\/p>\n<p>&nbsp;<\/p>\n","protected":false},"excerpt":{"rendered":"<p>Ar kada galvote, kas vyksta skruzd\u0117lyne? Turite galimyb\u0119 pamatyti savo akimis ir steb\u0117ti kiekvien\u0105 dien\u0105!<\/p>\n","protected":false},"featured_media":439,"template":"","meta":[],"product_brand":[],"product_cat":[32,48],"product_tag":[],"class_list":{"0":"post-438","1":"product","2":"type-product","3":"status-publish","4":"has-post-thumbnail","6":"product_cat-ivairus-zaislai","7":"product_cat-mokymo-priemones","9":"first","10":"outofstock","11":"taxable","12":"shipping-taxable","13":"purchasable","14":"product-type-simple"},"_links":{"self":[{"href":"https:\/\/elfuratas.lt\/index.php\/wp-json\/wp\/v2\/product\/438","targetHints":{"allow":["GET"]}}],"collection":[{"href":"https:\/\/elfuratas.lt\/index.php\/wp-json\/wp\/v2\/product"}],"about":[{"href":"https:\/\/elfuratas.lt\/index.php\/wp-json\/wp\/v2\/types\/product"}],"wp:featuredmedia":[{"embeddable":true,"href":"https:\/\/elfuratas.lt\/index.php\/wp-json\/wp\/v2\/media\/439"}],"wp:attachment":[{"href":"https:\/\/elfuratas.lt\/index.php\/wp-json\/wp\/v2\/media?parent=438"}],"wp:term":[{"taxonomy":"product_brand","embeddable":true,"href":"https:\/\/elfuratas.lt\/index.php\/wp-json\/wp\/v2\/product_brand?post=438"},{"taxonomy":"product_cat","embeddable":true,"href":"https:\/\/elfuratas.lt\/index.php\/wp-json\/wp\/v2\/product_cat?post=438"},{"taxonomy":"product_tag","embeddable":true,"href":"https:\/\/elfuratas.lt\/index.php\/wp-json\/wp\/v2\/product_tag?post=438"}],"curies":[{"name":"wp","href":"https:\/\/api.w.org\/{rel}","templated":true}]}}