{"id":432,"date":"2023-08-24T21:10:34","date_gmt":"2023-08-24T18:10:34","guid":{"rendered":"https:\/\/elfuratas.lt\/?post_type=product&#038;p=432"},"modified":"2023-11-26T16:41:01","modified_gmt":"2023-11-26T13:41:01","slug":"balionu-paleidimo-zaidimas-varle","status":"publish","type":"product","link":"https:\/\/elfuratas.lt\/index.php\/product\/balionu-paleidimo-zaidimas-varle\/","title":{"rendered":"Balion\u0173 paleidimo \u017eaidimas \u201eVarl\u0117\u201c"},"content":{"rendered":"<p>Balionai &#8211; vaik\u0173 m\u0117gstamas \u017eaislas. O ar \u017einojote, kad balionas gali b\u016bti puiki varomoji j\u0117ga? Prip\u016bskite balion\u0105 specialios pompos pagalba, u\u017emov\u0119 j\u012f ant automobiliuko ir vos tik paleisite jis nul\u0117ks v\u0117jo grei\u010diu! Ir tai ekologi\u0161ka! Juk v\u0117jo \/ oro energija kur kas \u201e\u017ealesn\u0117\u201c u\u017e benzin\u0105!<\/p>\n<p>Puiki proga prad\u0117ti pa\u017eint\u012f su energija, jos r\u016b\u0161imis, aerodinamika, elementariais fizikos d\u0117sniais. Tai \u017eaislas tinkantis labai \u012fvairaus am\u017eiaus vaikams, kurie m\u0117gsta eksperimentuoti ir domisi aplinka.<\/p>\n<p>Komplekte:<\/p>\n<ul>\n<li>Pompa<\/li>\n<li>Paleid\u0117jas<\/li>\n<li>Papildomi paleidimo mechanizmai (2 vnt.)<\/li>\n<li>2 automobiliai<\/li>\n<li>1 krabas<\/li>\n<li>1 kosmonautas<\/li>\n<li>1 raketa<\/li>\n<li>1 skrendantis \u0161vilpukas<\/li>\n<li>12 balion\u0173<\/li>\n<\/ul>\n<p>&nbsp;<\/p>\n","protected":false},"excerpt":{"rendered":"<p>Balion\u0173 paleidimo \u017eaidimas \u201eVarl\u0117\u201c &#8211; smagi pramoga, padedanti pa\u017einti, kaip ir kod\u0117l juda daiktai.<\/p>\n","protected":false},"featured_media":435,"template":"","meta":[],"product_brand":[],"product_cat":[32],"product_tag":[],"class_list":{"0":"post-432","1":"product","2":"type-product","3":"status-publish","4":"has-post-thumbnail","6":"product_cat-ivairus-zaislai","8":"first","9":"outofstock","10":"taxable","11":"shipping-taxable","12":"purchasable","13":"product-type-simple"},"_links":{"self":[{"href":"https:\/\/elfuratas.lt\/index.php\/wp-json\/wp\/v2\/product\/432","targetHints":{"allow":["GET"]}}],"collection":[{"href":"https:\/\/elfuratas.lt\/index.php\/wp-json\/wp\/v2\/product"}],"about":[{"href":"https:\/\/elfuratas.lt\/index.php\/wp-json\/wp\/v2\/types\/product"}],"wp:featuredmedia":[{"embeddable":true,"href":"https:\/\/elfuratas.lt\/index.php\/wp-json\/wp\/v2\/media\/435"}],"wp:attachment":[{"href":"https:\/\/elfuratas.lt\/index.php\/wp-json\/wp\/v2\/media?parent=432"}],"wp:term":[{"taxonomy":"product_brand","embeddable":true,"href":"https:\/\/elfuratas.lt\/index.php\/wp-json\/wp\/v2\/product_brand?post=432"},{"taxonomy":"product_cat","embeddable":true,"href":"https:\/\/elfuratas.lt\/index.php\/wp-json\/wp\/v2\/product_cat?post=432"},{"taxonomy":"product_tag","embeddable":true,"href":"https:\/\/elfuratas.lt\/index.php\/wp-json\/wp\/v2\/product_tag?post=432"}],"curies":[{"name":"wp","href":"https:\/\/api.w.org\/{rel}","templated":true}]}}