{"id":423,"date":"2023-08-24T20:17:14","date_gmt":"2023-08-24T17:17:14","guid":{"rendered":"https:\/\/elfuratas.lt\/?post_type=product&#038;p=423"},"modified":"2023-08-30T18:46:08","modified_gmt":"2023-08-30T15:46:08","slug":"medine-daugybos-lentele","status":"publish","type":"product","link":"https:\/\/elfuratas.lt\/index.php\/product\/medine-daugybos-lentele\/","title":{"rendered":"Medin\u0117 daugybos lentel\u0117"},"content":{"rendered":"<p>Matematika &#8211; svarbus mokslas. Tad si\u016blome palengvinim\u0105! Mokantis daugybos lentel\u0117s labai svarbu sugalvoti tinkam\u0105 metod\u0105, kaip pavyks \u012fsiminti skai\u010dius. Spalvota medin\u0117 daugybos lentel\u0117 gali pagelb\u0117ti i\u0161mokti \u0161i\u0105 svarbi\u0105 matematikos dal\u012f namuose be didesnio vargo.<\/p>\n<p>Vienoje kubeli\u0173 pus\u0117je yra veiksmas, kitoje &#8211; atsakymas. Tad galima sugalvoti ir i\u0161\u0161\u016bk\u012f, kas namuose grei\u010diau i\u0161moks ir atvers visus kubelius teisingai.<\/p>\n<p>Daugybos lentel\u0117s dydis 19 x 19 cm. Kubeli\u0173 &#8211; 1,5 x 1,5 cm.<\/p>\n<p>Be to, galima ne tik mokytis skai\u010diuoti, bet ir statyti bok\u0161tus!<\/p>\n","protected":false},"excerpt":{"rendered":"<p>Kaip i\u0161mokti daugybos lentel\u0119 \u012fdomiai? Su spalvota medine daugybos lentele.<\/p>\n","protected":false},"featured_media":428,"template":"","meta":[],"product_brand":[],"product_cat":[48],"product_tag":[],"class_list":{"0":"post-423","1":"product","2":"type-product","3":"status-publish","4":"has-post-thumbnail","6":"product_cat-mokymo-priemones","8":"first","9":"instock","10":"taxable","11":"shipping-taxable","12":"purchasable","13":"product-type-simple"},"_links":{"self":[{"href":"https:\/\/elfuratas.lt\/index.php\/wp-json\/wp\/v2\/product\/423","targetHints":{"allow":["GET"]}}],"collection":[{"href":"https:\/\/elfuratas.lt\/index.php\/wp-json\/wp\/v2\/product"}],"about":[{"href":"https:\/\/elfuratas.lt\/index.php\/wp-json\/wp\/v2\/types\/product"}],"wp:featuredmedia":[{"embeddable":true,"href":"https:\/\/elfuratas.lt\/index.php\/wp-json\/wp\/v2\/media\/428"}],"wp:attachment":[{"href":"https:\/\/elfuratas.lt\/index.php\/wp-json\/wp\/v2\/media?parent=423"}],"wp:term":[{"taxonomy":"product_brand","embeddable":true,"href":"https:\/\/elfuratas.lt\/index.php\/wp-json\/wp\/v2\/product_brand?post=423"},{"taxonomy":"product_cat","embeddable":true,"href":"https:\/\/elfuratas.lt\/index.php\/wp-json\/wp\/v2\/product_cat?post=423"},{"taxonomy":"product_tag","embeddable":true,"href":"https:\/\/elfuratas.lt\/index.php\/wp-json\/wp\/v2\/product_tag?post=423"}],"curies":[{"name":"wp","href":"https:\/\/api.w.org\/{rel}","templated":true}]}}