{"id":406,"date":"2023-08-24T19:46:14","date_gmt":"2023-08-24T16:46:14","guid":{"rendered":"https:\/\/elfuratas.lt\/?post_type=product&#038;p=406"},"modified":"2023-10-10T22:18:24","modified_gmt":"2023-10-10T19:18:24","slug":"sensorine-knygele-miskas","status":"publish","type":"product","link":"https:\/\/elfuratas.lt\/index.php\/product\/sensorine-knygele-miskas\/","title":{"rendered":"Sensorin\u0117 knygel\u0117 \u201eMi\u0161kas\u201c"},"content":{"rendered":"<p>Kontrastinga, \u012fdomi, mink\u0161ta sensorin\u0117 knygel\u0117 \u201eMi\u0161kas\u201c pad\u0117s ma\u017eiausiems pa\u017einti mi\u0161ko \u017ev\u0117relius.<\/p>\n<p>Knyg\u0105 sudaro 4 lapai, kuriuose:<\/p>\n<ul>\n<li>Pauk\u0161tis su veidrod\u0117liu<\/li>\n<li>Ki\u0161kis<\/li>\n<li>Pal\u0117da<\/li>\n<li>Lap\u0117<\/li>\n<li>Me\u0161ka<\/li>\n<li>Vover\u0117<\/li>\n<li>Me\u0161k\u0117nas<\/li>\n<\/ul>\n<p>Knygel\u0117 angl\u0173 kalba!<\/p>\n<p>Vartydamas knygele k\u016bdikis pa\u017eins knygas, i\u0161moks jas saugoti, vartyti. Taip pat, praktikuos aki\u0173-rank\u0173 koordinacij\u0105, griebimo, laikymo \u012fg\u016bd\u017eius, regos, lyt\u0117jimo poj\u016b\u010dius.<\/p>\n<p>&nbsp;<\/p>\n","protected":false},"excerpt":{"rendered":"<p>Mink\u0161ta knygel\u0117 patiems ma\u017eiausiems skaitytojams<\/p>\n","protected":false},"featured_media":407,"template":"","meta":[],"product_brand":[],"product_cat":[56],"product_tag":[],"class_list":{"0":"post-406","1":"product","2":"type-product","3":"status-publish","4":"has-post-thumbnail","6":"product_cat-knygeles","8":"first","9":"instock","10":"taxable","11":"shipping-taxable","12":"purchasable","13":"product-type-simple"},"_links":{"self":[{"href":"https:\/\/elfuratas.lt\/index.php\/wp-json\/wp\/v2\/product\/406","targetHints":{"allow":["GET"]}}],"collection":[{"href":"https:\/\/elfuratas.lt\/index.php\/wp-json\/wp\/v2\/product"}],"about":[{"href":"https:\/\/elfuratas.lt\/index.php\/wp-json\/wp\/v2\/types\/product"}],"wp:featuredmedia":[{"embeddable":true,"href":"https:\/\/elfuratas.lt\/index.php\/wp-json\/wp\/v2\/media\/407"}],"wp:attachment":[{"href":"https:\/\/elfuratas.lt\/index.php\/wp-json\/wp\/v2\/media?parent=406"}],"wp:term":[{"taxonomy":"product_brand","embeddable":true,"href":"https:\/\/elfuratas.lt\/index.php\/wp-json\/wp\/v2\/product_brand?post=406"},{"taxonomy":"product_cat","embeddable":true,"href":"https:\/\/elfuratas.lt\/index.php\/wp-json\/wp\/v2\/product_cat?post=406"},{"taxonomy":"product_tag","embeddable":true,"href":"https:\/\/elfuratas.lt\/index.php\/wp-json\/wp\/v2\/product_tag?post=406"}],"curies":[{"name":"wp","href":"https:\/\/api.w.org\/{rel}","templated":true}]}}