{"id":400,"date":"2023-08-24T19:12:19","date_gmt":"2023-08-24T16:12:19","guid":{"rendered":"https:\/\/elfuratas.lt\/?post_type=product&#038;p=400"},"modified":"2023-11-11T13:06:35","modified_gmt":"2023-11-11T10:06:35","slug":"lipukai-siurbtukai","status":"publish","type":"product","link":"https:\/\/elfuratas.lt\/index.php\/product\/lipukai-siurbtukai\/","title":{"rendered":"Lipukai &#8211; siurbtukai"},"content":{"rendered":"<p>Lipukai, siurbtukai, lip\u0161niukai ir kaip tik nevadina m\u016bs\u0173 ma\u017eieji draugai \u0161i\u0173 linksm\u0173 \u017eaisliuk\u0173. Komplekte 29 konstrukciniai elementai, kurie prisitraukia prie stiklo ir kit\u0173 lygi\u0173 pavir\u0161i\u0173. Be to, jie limpa tarpusavyje! Lankst\u016bs lipukai leis sukurti \u012fvairiausias kombinacijas ir formas, mokytis, \u017eaisti ar ka\u017ek\u0105 pa\u017eym\u0117ti!<\/p>\n<p>\u017daislas skatina ugdyti tikslum\u0105, kantryb\u0119, rank\u0173 ir aki\u0173 koordinacij\u0105 ir, \u017einoma, k\u016brybi\u0161kum\u0105 linksmu b\u016bdu!<\/p>\n<p>Komplekte:<\/p>\n<ul>\n<li>1 \u017emogeliukas<\/li>\n<li>4 raudoni siurbtukai<\/li>\n<li>8 m\u0117lyni siurbtukai<\/li>\n<li>4 geltoni siurbtukai<\/li>\n<li>4 \u017eali siurbtukai<\/li>\n<li>8 oran\u017einiai siurbtukai<\/li>\n<\/ul>\n<p>&nbsp;<\/p>\n","protected":false},"excerpt":{"rendered":"<p>Prisisiurbiantys lankst\u016bs \u017eaislai ir vaiki\u0161ka vaizduot\u0117 &#8211; nuostabios galimyb\u0117s sukurti ka\u017ek\u0105 \u012fdomaus!<\/p>\n","protected":false},"featured_media":401,"template":"","meta":[],"product_brand":[],"product_cat":[32],"product_tag":[],"class_list":{"0":"post-400","1":"product","2":"type-product","3":"status-publish","4":"has-post-thumbnail","6":"product_cat-ivairus-zaislai","8":"first","9":"outofstock","10":"taxable","11":"shipping-taxable","12":"purchasable","13":"product-type-simple"},"_links":{"self":[{"href":"https:\/\/elfuratas.lt\/index.php\/wp-json\/wp\/v2\/product\/400","targetHints":{"allow":["GET"]}}],"collection":[{"href":"https:\/\/elfuratas.lt\/index.php\/wp-json\/wp\/v2\/product"}],"about":[{"href":"https:\/\/elfuratas.lt\/index.php\/wp-json\/wp\/v2\/types\/product"}],"wp:featuredmedia":[{"embeddable":true,"href":"https:\/\/elfuratas.lt\/index.php\/wp-json\/wp\/v2\/media\/401"}],"wp:attachment":[{"href":"https:\/\/elfuratas.lt\/index.php\/wp-json\/wp\/v2\/media?parent=400"}],"wp:term":[{"taxonomy":"product_brand","embeddable":true,"href":"https:\/\/elfuratas.lt\/index.php\/wp-json\/wp\/v2\/product_brand?post=400"},{"taxonomy":"product_cat","embeddable":true,"href":"https:\/\/elfuratas.lt\/index.php\/wp-json\/wp\/v2\/product_cat?post=400"},{"taxonomy":"product_tag","embeddable":true,"href":"https:\/\/elfuratas.lt\/index.php\/wp-json\/wp\/v2\/product_tag?post=400"}],"curies":[{"name":"wp","href":"https:\/\/api.w.org\/{rel}","templated":true}]}}