{"id":40,"date":"2023-07-02T21:29:01","date_gmt":"2023-07-02T18:29:01","guid":{"rendered":"https:\/\/elfuratas.lt\/?post_type=product&#038;p=40"},"modified":"2025-11-30T11:42:11","modified_gmt":"2025-11-30T08:42:11","slug":"lyginimo-karoliukai-kibirelyje","status":"publish","type":"product","link":"https:\/\/elfuratas.lt\/index.php\/product\/lyginimo-karoliukai-kibirelyje\/","title":{"rendered":"Lyginimo karoliukai kibir\u0117lyje"},"content":{"rendered":"<p>Net 5000 karoliuk\u0173 rinkinys leis sukurti daug skirting\u0173 fig\u016br\u0173.<\/p>\n<p>\u0160iame dideliame rinkinyje yra net 10 skirting\u0173 spalv\u0173, tod\u0117l galima sukurti pa\u010dias \u012fvairiausias lyginamas fig\u016bras.<\/p>\n<p>Vaikams lyginimo karoliukai puikiai padeda lavinti koncentracij\u0105, stiprina smulki\u0105j\u0105 motorik\u0105, ugdo meninius geb\u0117jimus ir vaizduot\u0119.<\/p>\n<p>Rinkinyje yra:<\/p>\n<ul>\n<li>5000 karoliuk\u0173 (10 skirting\u0173 spalv\u0173)<\/li>\n<li>pincetas<\/li>\n<li>5 formel\u0117s<\/li>\n<li>5 vnt. lyginimo popieriaus<\/li>\n<li>10 plok\u0161teli\u0173<\/li>\n<\/ul>\n<p>&nbsp;<\/p>\n","protected":false},"excerpt":{"rendered":"<p>Didelis komplektas lyginimo karoliuk\u0173 &#8211; ilgiems vakarams ir puikiems k\u016briniams i\u0161 karoliuk\u0173!<\/p>\n","protected":false},"featured_media":44,"template":"","meta":[],"product_brand":[],"product_cat":[16],"product_tag":[21],"class_list":{"0":"post-40","1":"product","2":"type-product","3":"status-publish","4":"has-post-thumbnail","6":"product_cat-rankdarbiai","7":"product_tag-lyginimo-karoliukai","9":"first","10":"instock","11":"taxable","12":"shipping-taxable","13":"purchasable","14":"product-type-simple"},"_links":{"self":[{"href":"https:\/\/elfuratas.lt\/index.php\/wp-json\/wp\/v2\/product\/40","targetHints":{"allow":["GET"]}}],"collection":[{"href":"https:\/\/elfuratas.lt\/index.php\/wp-json\/wp\/v2\/product"}],"about":[{"href":"https:\/\/elfuratas.lt\/index.php\/wp-json\/wp\/v2\/types\/product"}],"wp:featuredmedia":[{"embeddable":true,"href":"https:\/\/elfuratas.lt\/index.php\/wp-json\/wp\/v2\/media\/44"}],"wp:attachment":[{"href":"https:\/\/elfuratas.lt\/index.php\/wp-json\/wp\/v2\/media?parent=40"}],"wp:term":[{"taxonomy":"product_brand","embeddable":true,"href":"https:\/\/elfuratas.lt\/index.php\/wp-json\/wp\/v2\/product_brand?post=40"},{"taxonomy":"product_cat","embeddable":true,"href":"https:\/\/elfuratas.lt\/index.php\/wp-json\/wp\/v2\/product_cat?post=40"},{"taxonomy":"product_tag","embeddable":true,"href":"https:\/\/elfuratas.lt\/index.php\/wp-json\/wp\/v2\/product_tag?post=40"}],"curies":[{"name":"wp","href":"https:\/\/api.w.org\/{rel}","templated":true}]}}