{"id":394,"date":"2023-08-24T19:04:46","date_gmt":"2023-08-24T16:04:46","guid":{"rendered":"https:\/\/elfuratas.lt\/?post_type=product&#038;p=394"},"modified":"2023-09-04T20:27:06","modified_gmt":"2023-09-04T17:27:06","slug":"mediniu-kaladeliu-miestas-su-rusiavimo-dezute","status":"publish","type":"product","link":"https:\/\/elfuratas.lt\/index.php\/product\/mediniu-kaladeliu-miestas-su-rusiavimo-dezute\/","title":{"rendered":"Medini\u0173 kalad\u0117li\u0173 miestas su r\u016b\u0161iavimo d\u0117\u017eute"},"content":{"rendered":"<p>K\u016brybingi vaikai \u2013 laimingi vaikai. Skatinti k\u016brybi\u0161kum\u0105 galima \u012fvairiais b\u016bdais, o ir atrasti, kas vaikui patinka \u0161iandien tikrai nesunku. Jei namuose auga b\u016bsimas vyriausiasis miesto architektas \u2013 \u0161is komplektas idealiai Jums tiks. O pasta\u010dius miest\u0105 greit paai\u0161k\u0117s, kas \u0161eimoje bankininkas, o kas mokytojas, kam da\u017eniau tenka lankytis policijoje, o kam muziejuje.<\/p>\n<p>\u017daidimas leis ne tik lavinti rank\u0173 \u012fg\u016bd\u017eius, tikslumo, ugdyti kantryb\u0119, bet taip ir pa\u017einti miesto veikl\u0105, kasdien vaik\u0105 supant\u012f pasaul\u012f. Su daugybe medini\u0173 blokeli\u0173 \/ kalad\u0117li\u0173 tikrai pavyks sukurti svajoni\u0173 miest\u0105.<\/p>\n<p>Be to, kartu yra d\u0117\u017eut\u0117, kuri\u0105 galima panaudoti kaip r\u016b\u0161iavimo \u017eaidim\u0105 d\u0117l skirting\u0173 ang\u0173 dangtelyje.<\/p>\n<p><strong>Komplekte yra:<\/strong><\/p>\n<ul>\n<li>100 medini\u0173 blokeli\u0173<\/li>\n<li>d\u0117lion\u0117 (20 vnt.)<\/li>\n<li>kibir\u0117lis su r\u016b\u0161iavimo dangteliu<\/li>\n<li>mai\u0161elis blokeliams<\/li>\n<\/ul>\n","protected":false},"excerpt":{"rendered":"<p>Patinka planuoti ir kurti? Medini\u0173 kalad\u0117li\u0173 miestas idealiai i\u0161pildo \u0161\u012f pom\u0117g\u012f.<\/p>\n","protected":false},"featured_media":395,"template":"","meta":[],"product_brand":[],"product_cat":[24,25],"product_tag":[],"class_list":{"0":"post-394","1":"product","2":"type-product","3":"status-publish","4":"has-post-thumbnail","6":"product_cat-deliones","7":"product_cat-mediniai-zaislai","9":"first","10":"outofstock","11":"taxable","12":"shipping-taxable","13":"purchasable","14":"product-type-simple"},"_links":{"self":[{"href":"https:\/\/elfuratas.lt\/index.php\/wp-json\/wp\/v2\/product\/394","targetHints":{"allow":["GET"]}}],"collection":[{"href":"https:\/\/elfuratas.lt\/index.php\/wp-json\/wp\/v2\/product"}],"about":[{"href":"https:\/\/elfuratas.lt\/index.php\/wp-json\/wp\/v2\/types\/product"}],"wp:featuredmedia":[{"embeddable":true,"href":"https:\/\/elfuratas.lt\/index.php\/wp-json\/wp\/v2\/media\/395"}],"wp:attachment":[{"href":"https:\/\/elfuratas.lt\/index.php\/wp-json\/wp\/v2\/media?parent=394"}],"wp:term":[{"taxonomy":"product_brand","embeddable":true,"href":"https:\/\/elfuratas.lt\/index.php\/wp-json\/wp\/v2\/product_brand?post=394"},{"taxonomy":"product_cat","embeddable":true,"href":"https:\/\/elfuratas.lt\/index.php\/wp-json\/wp\/v2\/product_cat?post=394"},{"taxonomy":"product_tag","embeddable":true,"href":"https:\/\/elfuratas.lt\/index.php\/wp-json\/wp\/v2\/product_tag?post=394"}],"curies":[{"name":"wp","href":"https:\/\/api.w.org\/{rel}","templated":true}]}}