{"id":385,"date":"2023-08-24T18:54:11","date_gmt":"2023-08-24T15:54:11","guid":{"rendered":"https:\/\/elfuratas.lt\/?post_type=product&#038;p=385"},"modified":"2025-07-07T11:26:37","modified_gmt":"2025-07-07T08:26:37","slug":"interaktyvus-suniukas-su-pavadeliu","status":"publish","type":"product","link":"https:\/\/elfuratas.lt\/index.php\/product\/interaktyvus-suniukas-su-pavadeliu\/","title":{"rendered":"Interaktyvus \u0161uniukas su pavad\u0117liu"},"content":{"rendered":"<p>\u0160uniukas &#8211; didel\u0117 atsakomyb\u0117. Ta\u010diau pratintis prie tikro \u0161uns \u0161iuo interaktyviu \u017eaislu &#8211; geras sprendimas. \u0160uniukas vaik\u0161to pirmyn ir atgal, loja, turi pavad\u0117l\u012f, \u0161ukas.<\/p>\n<p>\u017daislas mokys atsakomyb\u0117s, ma\u017easis \u0161eimininkas gal\u0117s \u0161un\u012f pasivaik\u0161\u010dioti, glostyti ir \u0161ukuoti<\/p>\n<p>Pavad\u0117lio ilgis &#8211; 60 cm. \u017daislas maitinamas 4x AA baterijomis (komplekte n\u0117ra).<\/p>\n<p>Rekomenduojama vaikams nuo 3 met\u0173, bet tinka ir jaunesniems su t\u0117v\u0173 prie\u017ei\u016bra.<\/p>\n","protected":false},"excerpt":{"rendered":"<p>Norite mokyti vaik\u0105 atsakingai elgtis su naminiais gyv\u016bn\u0117liais? \u0160is interaktyvus \u0161uniukas gali b\u016bti puikia mokymo priemone prie\u0161 \u012fsigyjant tikr\u0105 augintin\u012f.<\/p>\n","protected":false},"featured_media":388,"template":"","meta":[],"product_brand":[],"product_cat":[32],"product_tag":[54],"class_list":{"0":"post-385","1":"product","2":"type-product","3":"status-publish","4":"has-post-thumbnail","6":"product_cat-ivairus-zaislai","7":"product_tag-suo","9":"first","10":"outofstock","11":"taxable","12":"shipping-taxable","13":"purchasable","14":"product-type-simple"},"_links":{"self":[{"href":"https:\/\/elfuratas.lt\/index.php\/wp-json\/wp\/v2\/product\/385","targetHints":{"allow":["GET"]}}],"collection":[{"href":"https:\/\/elfuratas.lt\/index.php\/wp-json\/wp\/v2\/product"}],"about":[{"href":"https:\/\/elfuratas.lt\/index.php\/wp-json\/wp\/v2\/types\/product"}],"wp:featuredmedia":[{"embeddable":true,"href":"https:\/\/elfuratas.lt\/index.php\/wp-json\/wp\/v2\/media\/388"}],"wp:attachment":[{"href":"https:\/\/elfuratas.lt\/index.php\/wp-json\/wp\/v2\/media?parent=385"}],"wp:term":[{"taxonomy":"product_brand","embeddable":true,"href":"https:\/\/elfuratas.lt\/index.php\/wp-json\/wp\/v2\/product_brand?post=385"},{"taxonomy":"product_cat","embeddable":true,"href":"https:\/\/elfuratas.lt\/index.php\/wp-json\/wp\/v2\/product_cat?post=385"},{"taxonomy":"product_tag","embeddable":true,"href":"https:\/\/elfuratas.lt\/index.php\/wp-json\/wp\/v2\/product_tag?post=385"}],"curies":[{"name":"wp","href":"https:\/\/api.w.org\/{rel}","templated":true}]}}