{"id":381,"date":"2023-08-24T18:47:05","date_gmt":"2023-08-24T15:47:05","guid":{"rendered":"https:\/\/elfuratas.lt\/?post_type=product&#038;p=381"},"modified":"2024-12-05T14:38:10","modified_gmt":"2024-12-05T11:38:10","slug":"lipni-plevele-rasymui-kreida","status":"publish","type":"product","link":"https:\/\/elfuratas.lt\/index.php\/product\/lipni-plevele-rasymui-kreida\/","title":{"rendered":"Lipni pl\u0117vel\u0117 ra\u0161ymui kreida"},"content":{"rendered":"<p>Prakti\u0161ka ir naudinga kiekvienuose namuose, kur yra vaik\u0173 &#8211; lipni pl\u0117vel\u0117 puikiai atstos mokyklin\u0119 lent\u0105. Ant jos galima ra\u0161yti kreidel\u0117mis, lengva nuvalyti, o nuklijuota ji nepalieka ry\u0161ki\u0173 \u017eymi\u0173.<\/p>\n<p>Komplekta rasite ne tik ritin\u012f pl\u0117vel\u0117s (45 cm x 200 cm), bet ir balt\u0105 bei spalvot\u0173 kreideli\u0173.<\/p>\n<p>Pl\u0117vel\u0119 si\u016bloma klijuoti ant bald\u0173. Priklijuota virtuv\u0117je taps recept\u0173 vieta, svetain\u0117je &#8211; pie\u0161imo, koridoriuje &#8211; pirkini\u0173 lenta. Panaudojimas begalinis.<\/p>\n<p>Pl\u0117vel\u0117 gali b\u016bti dalijama \u012f kelet\u0105 ma\u017eesni\u0173. Valoma dr\u0117gna \u0161luoste.<\/p>\n","protected":false},"excerpt":{"rendered":"<p>M\u0117gstate ra\u0161yti ar pie\u0161ti kreidel\u0117mis? Namuose tam n\u0117ra vietos? Lipni pl\u0117vel\u0117, skirta ra\u0161ymui kreida, i\u0161spr\u0119s \u0161i\u0105 problem\u0105!<\/p>\n","protected":false},"featured_media":384,"template":"","meta":[],"product_brand":[],"product_cat":[22],"product_tag":[52,53],"class_list":{"0":"post-381","1":"product","2":"type-product","3":"status-publish","4":"has-post-thumbnail","6":"product_cat-dailei-piesimui","7":"product_tag-kreida","8":"product_tag-plevele","10":"first","11":"outofstock","12":"taxable","13":"shipping-taxable","14":"purchasable","15":"product-type-simple"},"_links":{"self":[{"href":"https:\/\/elfuratas.lt\/index.php\/wp-json\/wp\/v2\/product\/381","targetHints":{"allow":["GET"]}}],"collection":[{"href":"https:\/\/elfuratas.lt\/index.php\/wp-json\/wp\/v2\/product"}],"about":[{"href":"https:\/\/elfuratas.lt\/index.php\/wp-json\/wp\/v2\/types\/product"}],"wp:featuredmedia":[{"embeddable":true,"href":"https:\/\/elfuratas.lt\/index.php\/wp-json\/wp\/v2\/media\/384"}],"wp:attachment":[{"href":"https:\/\/elfuratas.lt\/index.php\/wp-json\/wp\/v2\/media?parent=381"}],"wp:term":[{"taxonomy":"product_brand","embeddable":true,"href":"https:\/\/elfuratas.lt\/index.php\/wp-json\/wp\/v2\/product_brand?post=381"},{"taxonomy":"product_cat","embeddable":true,"href":"https:\/\/elfuratas.lt\/index.php\/wp-json\/wp\/v2\/product_cat?post=381"},{"taxonomy":"product_tag","embeddable":true,"href":"https:\/\/elfuratas.lt\/index.php\/wp-json\/wp\/v2\/product_tag?post=381"}],"curies":[{"name":"wp","href":"https:\/\/api.w.org\/{rel}","templated":true}]}}