{"id":349,"date":"2023-08-10T14:36:53","date_gmt":"2023-08-10T11:36:53","guid":{"rendered":"https:\/\/elfuratas.lt\/?post_type=product&#038;p=349"},"modified":"2023-09-07T09:45:40","modified_gmt":"2023-09-07T06:45:40","slug":"muilo-burbulu-pistoletas-bazooka","status":"publish","type":"product","link":"https:\/\/elfuratas.lt\/index.php\/product\/muilo-burbulu-pistoletas-bazooka\/","title":{"rendered":"Muilo burbul\u0173 pistoletas \u201eBazooka\u201c"},"content":{"rendered":"<p>Daugyb\u0117 burbul\u0173 i\u0161 karto! Net 48 skylutes turintis muilo burbul\u0173 pistoletas \u201eBazooka\u201c per minut\u0119 i\u0161pu\u010dia daugyb\u0119 muilo burbul\u0173. Burbulus pu\u010dia ventiliatorius.<\/p>\n<p>Panardinkite prietais\u0105 \u012f ind\u0105 su burbul\u0173 skys\u010diu (tiek indas, tiek burbul\u0173 skystis pridedami!), i\u0161traukite ir \u012fjunkite! Burbulai patys l\u0117ks pav\u0117jui. Prietaisas veikia su \u012fkraunama baterija, kuri\u0105 lengvai \u012fkrausite pridedamu USB \u012fkrovikliu.<\/p>\n<p>Lai prasideda muilo burbul\u0173 kovos!<\/p>\n","protected":false},"excerpt":{"rendered":"<p>Muilo burbulai &#8211; neatsibostantis ir nesenstantis vasaros lauko \u017eaidimas. Tobul\u0117ja tik priemon\u0117s! B\u016bkite priekyje su \u0161iuo galingu muilo burbul\u0173 pistoletu.<\/p>\n","protected":false},"featured_media":352,"template":"","meta":[],"product_brand":[],"product_cat":[49],"product_tag":[50],"class_list":{"0":"post-349","1":"product","2":"type-product","3":"status-publish","4":"has-post-thumbnail","6":"product_cat-lauko-zaislai","7":"product_tag-muilo-burbulai","9":"first","10":"instock","11":"taxable","12":"shipping-taxable","13":"purchasable","14":"product-type-simple"},"_links":{"self":[{"href":"https:\/\/elfuratas.lt\/index.php\/wp-json\/wp\/v2\/product\/349","targetHints":{"allow":["GET"]}}],"collection":[{"href":"https:\/\/elfuratas.lt\/index.php\/wp-json\/wp\/v2\/product"}],"about":[{"href":"https:\/\/elfuratas.lt\/index.php\/wp-json\/wp\/v2\/types\/product"}],"wp:featuredmedia":[{"embeddable":true,"href":"https:\/\/elfuratas.lt\/index.php\/wp-json\/wp\/v2\/media\/352"}],"wp:attachment":[{"href":"https:\/\/elfuratas.lt\/index.php\/wp-json\/wp\/v2\/media?parent=349"}],"wp:term":[{"taxonomy":"product_brand","embeddable":true,"href":"https:\/\/elfuratas.lt\/index.php\/wp-json\/wp\/v2\/product_brand?post=349"},{"taxonomy":"product_cat","embeddable":true,"href":"https:\/\/elfuratas.lt\/index.php\/wp-json\/wp\/v2\/product_cat?post=349"},{"taxonomy":"product_tag","embeddable":true,"href":"https:\/\/elfuratas.lt\/index.php\/wp-json\/wp\/v2\/product_tag?post=349"}],"curies":[{"name":"wp","href":"https:\/\/api.w.org\/{rel}","templated":true}]}}