{"id":340,"date":"2023-07-30T14:55:12","date_gmt":"2023-07-30T11:55:12","guid":{"rendered":"https:\/\/elfuratas.lt\/?post_type=product&#038;p=340"},"modified":"2024-10-01T10:55:31","modified_gmt":"2024-10-01T07:55:31","slug":"mokymo-korteles-europa","status":"publish","type":"product","link":"https:\/\/elfuratas.lt\/index.php\/product\/mokymo-korteles-europa\/","title":{"rendered":"Mokymo kortel\u0117s \u201eEuropa\u201c"},"content":{"rendered":"<p>Mokytis gali b\u016bti kur kas smagiau ir \u012fdomiau ne i\u0161 vadov\u0117lio. Mokymosi ir mokymo kortel\u0117s \u201eEuropa\u201c tiks \u012fvairaus am\u017eiaus vaikams siekiant lengviau \u012fsiminti Europos valstybes, j\u0173 v\u0117liavas, sostines ir kont\u016brus.<\/p>\n<p>Komplekte yra 47 dvipus\u0117s kortel\u0117s, kuri\u0173 vienoj pus\u0117je yra valstyb\u0117s kont\u016bras ir v\u0117liava, o kitoje pavadinimas, sostin\u0117 ir v\u0117liav\u0117l\u0117. \u0160is mokymosi b\u016bdas ne tik pad\u0117s lengviau pa\u017einti Europos valstybes, bet ir lavins atmint\u012f, skatins gilesn\u012f dom\u0117jim\u0105si.<\/p>\n<p>Kortel\u0117s pagamintos i\u0161 storo laminuoto popieriaus, A6 formato.<\/p>\n","protected":false},"excerpt":{"rendered":"<p>Europos valstybi\u0173 mokymo kortel\u0117s &#8211; puiki priemon\u0117 tiek pradinukams, tiek ir ma\u017eesniems vaikams susipa\u017einti su Europa.<\/p>\n","protected":false},"featured_media":346,"template":"","meta":[],"product_brand":[],"product_cat":[48],"product_tag":[],"class_list":{"0":"post-340","1":"product","2":"type-product","3":"status-publish","4":"has-post-thumbnail","6":"product_cat-mokymo-priemones","8":"first","9":"instock","10":"taxable","11":"shipping-taxable","12":"purchasable","13":"product-type-simple"},"_links":{"self":[{"href":"https:\/\/elfuratas.lt\/index.php\/wp-json\/wp\/v2\/product\/340","targetHints":{"allow":["GET"]}}],"collection":[{"href":"https:\/\/elfuratas.lt\/index.php\/wp-json\/wp\/v2\/product"}],"about":[{"href":"https:\/\/elfuratas.lt\/index.php\/wp-json\/wp\/v2\/types\/product"}],"wp:featuredmedia":[{"embeddable":true,"href":"https:\/\/elfuratas.lt\/index.php\/wp-json\/wp\/v2\/media\/346"}],"wp:attachment":[{"href":"https:\/\/elfuratas.lt\/index.php\/wp-json\/wp\/v2\/media?parent=340"}],"wp:term":[{"taxonomy":"product_brand","embeddable":true,"href":"https:\/\/elfuratas.lt\/index.php\/wp-json\/wp\/v2\/product_brand?post=340"},{"taxonomy":"product_cat","embeddable":true,"href":"https:\/\/elfuratas.lt\/index.php\/wp-json\/wp\/v2\/product_cat?post=340"},{"taxonomy":"product_tag","embeddable":true,"href":"https:\/\/elfuratas.lt\/index.php\/wp-json\/wp\/v2\/product_tag?post=340"}],"curies":[{"name":"wp","href":"https:\/\/api.w.org\/{rel}","templated":true}]}}