{"id":328,"date":"2023-07-25T16:37:29","date_gmt":"2023-07-25T13:37:29","guid":{"rendered":"https:\/\/elfuratas.lt\/?post_type=product&#038;p=328"},"modified":"2023-09-20T22:38:04","modified_gmt":"2023-09-20T19:38:04","slug":"lavinamasis-veiklos-kubas","status":"publish","type":"product","link":"https:\/\/elfuratas.lt\/index.php\/product\/lavinamasis-veiklos-kubas\/","title":{"rendered":"Lavinamasis veiklos kubas"},"content":{"rendered":"<p>8 in 1 lavinamasis veiklos kubas puikiai tiks kiekvienam ma\u017eyliui. Net 8 skirtingi aktyvaus \u017eaidimo lygiai, tod\u0117l vaikas ras k\u0105 veikt ilgai. \u017daislas puikiai lavina vaiko kalbinius, motorinius \u012fg\u016bd\u017eius, atmint\u012f, o kartu ir klaus\u0105, reg\u0117jim\u0105, lyt\u0117jim\u0105.<\/p>\n<p>\u017daislas skleid\u017eia gars\u0105, turi \u0161viesos efektus. Atkartoja kelet\u0105 gyv\u016bn\u0173 gars\u0173, groja \u012fvairias melodijas, tad \u017eaislas tampa dar \u012fdomesnis vaikams.<\/p>\n<p>Veiklos kubo spalvos yra prislopintos, pastelin\u0117s.<\/p>\n<p>Naudoja 3 vnt. AAA (1,5 V) baterijas (komplekte n\u0117ra).<\/p>\n<p>Kubo dydis 22x22x20 cm.<\/p>\n","protected":false},"excerpt":{"rendered":"<p>Lavinamasis veiklos kubas &#8211; nuostabus \u017eaislas J\u016bs\u0173 ma\u017eyliui. Garsai, \u0161viesos ir \u012fvairi veikla &#8211; viskas, ko gali reik\u0117ti smagiam laiko praleidimui!<\/p>\n","protected":false},"featured_media":333,"template":"","meta":[],"product_brand":[],"product_cat":[32],"product_tag":[],"class_list":{"0":"post-328","1":"product","2":"type-product","3":"status-publish","4":"has-post-thumbnail","6":"product_cat-ivairus-zaislai","8":"first","9":"outofstock","10":"taxable","11":"shipping-taxable","12":"purchasable","13":"product-type-simple"},"_links":{"self":[{"href":"https:\/\/elfuratas.lt\/index.php\/wp-json\/wp\/v2\/product\/328","targetHints":{"allow":["GET"]}}],"collection":[{"href":"https:\/\/elfuratas.lt\/index.php\/wp-json\/wp\/v2\/product"}],"about":[{"href":"https:\/\/elfuratas.lt\/index.php\/wp-json\/wp\/v2\/types\/product"}],"wp:featuredmedia":[{"embeddable":true,"href":"https:\/\/elfuratas.lt\/index.php\/wp-json\/wp\/v2\/media\/333"}],"wp:attachment":[{"href":"https:\/\/elfuratas.lt\/index.php\/wp-json\/wp\/v2\/media?parent=328"}],"wp:term":[{"taxonomy":"product_brand","embeddable":true,"href":"https:\/\/elfuratas.lt\/index.php\/wp-json\/wp\/v2\/product_brand?post=328"},{"taxonomy":"product_cat","embeddable":true,"href":"https:\/\/elfuratas.lt\/index.php\/wp-json\/wp\/v2\/product_cat?post=328"},{"taxonomy":"product_tag","embeddable":true,"href":"https:\/\/elfuratas.lt\/index.php\/wp-json\/wp\/v2\/product_tag?post=328"}],"curies":[{"name":"wp","href":"https:\/\/api.w.org\/{rel}","templated":true}]}}