{"id":320,"date":"2023-07-25T16:32:01","date_gmt":"2023-07-25T13:32:01","guid":{"rendered":"https:\/\/elfuratas.lt\/?post_type=product&#038;p=320"},"modified":"2023-09-04T19:51:25","modified_gmt":"2023-09-04T16:51:25","slug":"blizganciu-tatuiruociu-rinkinys","status":"publish","type":"product","link":"https:\/\/elfuratas.lt\/index.php\/product\/blizganciu-tatuiruociu-rinkinys\/","title":{"rendered":"Blizgan\u010di\u0173 tatuiruo\u010di\u0173 rinkinys"},"content":{"rendered":"<p>Didelis rinkinys blizgan\u010dioms tatuiruot\u0117ms daryti. Leiskite k\u016bribi\u0161kimui skleistis. Net 24 skirtingi spalvoti ir ry\u0161k\u016bs blizgu\u010diai leis sukurti i\u0161skirtines tatuiruotes, o prie \u0161ablon\u0173 net 186 skirtingi pie\u0161iniai, tad kiekvienas ras savo norus labiausiai atitinkant\u012f. I\u0161sirinks ne tik vaikai, bet ir suaugusieji. Trafaretai lengvai nuimami ir nepa\u017eeid\u017eia odos.<\/p>\n<p>Tatuiruot\u0117s lengvai u\u017etepamos speciali\u0173 klij\u0173 pagalba ir taip pat lengvai gali b\u016bti nuvalomos muilu ar \u0161velniu makia\u017eo valikliu. Specialiai neplaunant tatuiruot\u0117s laikysis 3-7 dienas, nes jos yra atsparios vandeniui.<\/p>\n<p>Rinkinyje rasite 186 trafaretus, 24 vnt. spalvot\u0173 blizgu\u010di\u0173, spec. klijus (10 ml), 5 \u0161epet\u0117lius.<\/p>\n","protected":false},"excerpt":{"rendered":"<p>Tatuiruot\u0117 ir vaikams, ir suaugusiems. Kokia? Tokia, koki\u0105 nuspr\u0119site pasidaryti! Didelis rinkinys atitiks kiekvieno skon\u012f.<\/p>\n","protected":false},"featured_media":323,"template":"","meta":[],"product_brand":[],"product_cat":[22,32,16],"product_tag":[],"class_list":{"0":"post-320","1":"product","2":"type-product","3":"status-publish","4":"has-post-thumbnail","6":"product_cat-dailei-piesimui","7":"product_cat-ivairus-zaislai","8":"product_cat-rankdarbiai","10":"first","11":"outofstock","12":"taxable","13":"shipping-taxable","14":"purchasable","15":"product-type-simple"},"_links":{"self":[{"href":"https:\/\/elfuratas.lt\/index.php\/wp-json\/wp\/v2\/product\/320","targetHints":{"allow":["GET"]}}],"collection":[{"href":"https:\/\/elfuratas.lt\/index.php\/wp-json\/wp\/v2\/product"}],"about":[{"href":"https:\/\/elfuratas.lt\/index.php\/wp-json\/wp\/v2\/types\/product"}],"wp:featuredmedia":[{"embeddable":true,"href":"https:\/\/elfuratas.lt\/index.php\/wp-json\/wp\/v2\/media\/323"}],"wp:attachment":[{"href":"https:\/\/elfuratas.lt\/index.php\/wp-json\/wp\/v2\/media?parent=320"}],"wp:term":[{"taxonomy":"product_brand","embeddable":true,"href":"https:\/\/elfuratas.lt\/index.php\/wp-json\/wp\/v2\/product_brand?post=320"},{"taxonomy":"product_cat","embeddable":true,"href":"https:\/\/elfuratas.lt\/index.php\/wp-json\/wp\/v2\/product_cat?post=320"},{"taxonomy":"product_tag","embeddable":true,"href":"https:\/\/elfuratas.lt\/index.php\/wp-json\/wp\/v2\/product_tag?post=320"}],"curies":[{"name":"wp","href":"https:\/\/api.w.org\/{rel}","templated":true}]}}