{"id":310,"date":"2023-07-25T16:21:28","date_gmt":"2023-07-25T13:21:28","guid":{"rendered":"https:\/\/elfuratas.lt\/?post_type=product&#038;p=310"},"modified":"2025-02-05T19:49:11","modified_gmt":"2025-02-05T16:49:11","slug":"pasigamink-pats-rinkinys-apyrankems-is-gumyciu","status":"publish","type":"product","link":"https:\/\/elfuratas.lt\/index.php\/product\/pasigamink-pats-rinkinys-apyrankems-is-gumyciu\/","title":{"rendered":"Pasigamink pats rinkinys apyrank\u0117ms i\u0161 gumy\u010di\u0173"},"content":{"rendered":"<p>Didelis gumy\u010di\u0173 rinkinys su priedais palengvinan\u010diais apyranki\u0173 gamyb\u0105. Rinkinyje yra viskas, ko reikia norint gaminti apyrankes ar k\u0105 nors kito i\u0161 gumy\u010di\u0173. Galima gaminti \u017eiedus, dekoracijas, fig\u016br\u0117les ir kt.<\/p>\n<p>Viskas yra supakuota \u012f 23 skyrius turin\u010di\u0105 d\u0117\u017eut\u0119.<\/p>\n<p>Gumy\u010di\u0173 spalvos ry\u0161kios, tod\u0117l tai dar labiau skatina kurti, gaminti ir \u017eaisti. Tai kartu ne tik \u017eaislas, bet ir puiki lavinamoji priemon\u0117 bei kantryb\u0117s i\u0161bandymas &#8211; pirmus kartus pagaminti apyrank\u0119 gali b\u016bti nemenkas i\u0161\u0161\u016bkis!<\/p>\n<p>Rinkinyje rasite 4400 vnt. 22 spalv\u0173 gumy\u010di\u0173, priedus gamybai, kabliukus.<\/p>\n","protected":false},"excerpt":{"rendered":"<p>Apyranki\u0173 i\u0161 gumy\u010di\u0173 gamybos rinkinys leisiantis pasigaminti daugyb\u0119 skirting\u0173, unikali\u0173 apyranki\u0173. Puiki priemon\u0117 u\u017eimti ir lavinti rank\u0173 koordinacij\u0105, kantryb\u0119.<\/p>\n","protected":false},"featured_media":317,"template":"","meta":[],"product_brand":[],"product_cat":[16],"product_tag":[],"class_list":{"0":"post-310","1":"product","2":"type-product","3":"status-publish","4":"has-post-thumbnail","6":"product_cat-rankdarbiai","8":"first","9":"outofstock","10":"taxable","11":"shipping-taxable","12":"purchasable","13":"product-type-simple"},"_links":{"self":[{"href":"https:\/\/elfuratas.lt\/index.php\/wp-json\/wp\/v2\/product\/310","targetHints":{"allow":["GET"]}}],"collection":[{"href":"https:\/\/elfuratas.lt\/index.php\/wp-json\/wp\/v2\/product"}],"about":[{"href":"https:\/\/elfuratas.lt\/index.php\/wp-json\/wp\/v2\/types\/product"}],"wp:featuredmedia":[{"embeddable":true,"href":"https:\/\/elfuratas.lt\/index.php\/wp-json\/wp\/v2\/media\/317"}],"wp:attachment":[{"href":"https:\/\/elfuratas.lt\/index.php\/wp-json\/wp\/v2\/media?parent=310"}],"wp:term":[{"taxonomy":"product_brand","embeddable":true,"href":"https:\/\/elfuratas.lt\/index.php\/wp-json\/wp\/v2\/product_brand?post=310"},{"taxonomy":"product_cat","embeddable":true,"href":"https:\/\/elfuratas.lt\/index.php\/wp-json\/wp\/v2\/product_cat?post=310"},{"taxonomy":"product_tag","embeddable":true,"href":"https:\/\/elfuratas.lt\/index.php\/wp-json\/wp\/v2\/product_tag?post=310"}],"curies":[{"name":"wp","href":"https:\/\/api.w.org\/{rel}","templated":true}]}}