{"id":31,"date":"2023-07-02T21:10:21","date_gmt":"2023-07-02T18:10:21","guid":{"rendered":"https:\/\/elfuratas.lt\/?post_type=product&#038;p=31"},"modified":"2023-09-05T19:04:30","modified_gmt":"2023-09-05T16:04:30","slug":"vaikiskas-metalofonas","status":"publish","type":"product","link":"https:\/\/elfuratas.lt\/index.php\/product\/vaikiskas-metalofonas\/","title":{"rendered":"Vaiki\u0161kas metalofonas"},"content":{"rendered":"<p>Nedidelis spalvotas vaiki\u0161kas metalofonas (ksilofonas) yra puikus b\u016bdas lavinti muzikinius vaiko gabumus.<\/p>\n<p>A\u0161tuoni\u0173 ton\u0173 metalin\u0117s plok\u0161tel\u0117s suteiks galimyb\u0119 vaikui groti paprastas melodijas. Jei patys ma\u017eiausieji dar nelabai suvokia gam\u0105, tai vyresniems muzikantams \u0161is metalofonas leis kurti ar atkurti muzik\u0105 pagal natas.<\/p>\n<p>Grodamas vaikas gali ne tik lavinti savo muzikin\u012f suvokim\u0105, bet taip pat ir spalv\u0173, skai\u010diavimo (groti \u017eali\u0105, groti penkt\u0105 ar pan.)<\/p>\n<p>Tai labai paprasta, bet kartu ir ypatingai gera priemon\u0117 lavinti savo vaikus, ugdyti kantryb\u0119, stiprinti atmint\u012f ir koncentracij\u0105.<\/p>\n<p>Skirta vaikams nuo 3 met\u0173 am\u017eiaus. Atitinka EN71, CE sertifikat\u0173 reikalavimus.<\/p>\n","protected":false},"excerpt":{"rendered":"<p>Nedidelis spalvotas vaiki\u0161kas metalofonas (ksilofonas) yra puikus b\u016bdas lavinti muzikinius vaiko gabumus.<\/p>\n","protected":false},"featured_media":37,"template":"","meta":[],"product_brand":[],"product_cat":[19],"product_tag":[],"class_list":{"0":"post-31","1":"product","2":"type-product","3":"status-publish","4":"has-post-thumbnail","6":"product_cat-muzikai","8":"first","9":"outofstock","10":"taxable","11":"shipping-taxable","12":"purchasable","13":"product-type-simple"},"_links":{"self":[{"href":"https:\/\/elfuratas.lt\/index.php\/wp-json\/wp\/v2\/product\/31","targetHints":{"allow":["GET"]}}],"collection":[{"href":"https:\/\/elfuratas.lt\/index.php\/wp-json\/wp\/v2\/product"}],"about":[{"href":"https:\/\/elfuratas.lt\/index.php\/wp-json\/wp\/v2\/types\/product"}],"wp:featuredmedia":[{"embeddable":true,"href":"https:\/\/elfuratas.lt\/index.php\/wp-json\/wp\/v2\/media\/37"}],"wp:attachment":[{"href":"https:\/\/elfuratas.lt\/index.php\/wp-json\/wp\/v2\/media?parent=31"}],"wp:term":[{"taxonomy":"product_brand","embeddable":true,"href":"https:\/\/elfuratas.lt\/index.php\/wp-json\/wp\/v2\/product_brand?post=31"},{"taxonomy":"product_cat","embeddable":true,"href":"https:\/\/elfuratas.lt\/index.php\/wp-json\/wp\/v2\/product_cat?post=31"},{"taxonomy":"product_tag","embeddable":true,"href":"https:\/\/elfuratas.lt\/index.php\/wp-json\/wp\/v2\/product_tag?post=31"}],"curies":[{"name":"wp","href":"https:\/\/api.w.org\/{rel}","templated":true}]}}