{"id":289,"date":"2023-07-25T15:59:20","date_gmt":"2023-07-25T12:59:20","guid":{"rendered":"https:\/\/elfuratas.lt\/?post_type=product&#038;p=289"},"modified":"2023-12-28T11:19:22","modified_gmt":"2023-12-28T08:19:22","slug":"anglu-k-mokymosi-korteles-ir-skaitytuvas-rozinis","status":"publish","type":"product","link":"https:\/\/elfuratas.lt\/index.php\/product\/anglu-k-mokymosi-korteles-ir-skaitytuvas-rozinis\/","title":{"rendered":"Angl\u0173 k. mokymosi kortel\u0117s ir skaitytuvas (ro\u017einis)"},"content":{"rendered":"<p>Mokykit\u0117s angl\u0173 kalbos \u017eod\u017ei\u0173 kartojant. \u012ed\u0117jus kortel\u0119 \u012f skaitytuv\u0105 jis i\u0161taria \u017eod\u012f i\u0161 paveiksl\u0117lio angl\u0173 kalba, o besimokantis vaikas gali pakartoti.<\/p>\n<p>Net 112 dvipusi\u0173 korteli\u0173 arba 224 iliustruot\u0173 \u017eod\u017ei\u0173 mokymuisi. Tai puikus angl\u0173 kalbos \u017eodyno pl\u0117timo b\u016bdas vaikams ar pradedantiems mokytis angl\u0173 kalb\u0105.<\/p>\n<p>Kortel\u0117se yra \u012fvair\u016bs \u017eod\u017eiai pagal temas: gyv\u016bnai, transporto priemon\u0117s, maistas, kasdien\u0117 veikla, \u0161eima, spalvos, formos ir kt.<\/p>\n<p>Skaitytuvas gali pakartoti \u017eod\u012f, galima keisti garsum\u0105. Viena \u012fkrova skaitytuvu galima naudotis iki 5 valand\u0173, o pakrauti lengvai pavyks per micro USB kabel\u012f (pridedamas).<\/p>\n","protected":false},"excerpt":{"rendered":"<p>Mokytis angl\u0173 kalb\u0105 gali b\u016bti paprasta, \u017eaisminga ir \u012fdomu! Korteli\u0173 skaitytuvas pad\u0117s i\u0161mokti daugyb\u0117s nauj\u0173 \u017eod\u017ei\u0173.<\/p>\n","protected":false},"featured_media":292,"template":"","meta":[],"product_brand":[],"product_cat":[32,47],"product_tag":[],"class_list":{"0":"post-289","1":"product","2":"type-product","3":"status-publish","4":"has-post-thumbnail","6":"product_cat-ivairus-zaislai","7":"product_cat-kelionems","9":"first","10":"outofstock","11":"taxable","12":"shipping-taxable","13":"purchasable","14":"product-type-simple"},"_links":{"self":[{"href":"https:\/\/elfuratas.lt\/index.php\/wp-json\/wp\/v2\/product\/289","targetHints":{"allow":["GET"]}}],"collection":[{"href":"https:\/\/elfuratas.lt\/index.php\/wp-json\/wp\/v2\/product"}],"about":[{"href":"https:\/\/elfuratas.lt\/index.php\/wp-json\/wp\/v2\/types\/product"}],"wp:featuredmedia":[{"embeddable":true,"href":"https:\/\/elfuratas.lt\/index.php\/wp-json\/wp\/v2\/media\/292"}],"wp:attachment":[{"href":"https:\/\/elfuratas.lt\/index.php\/wp-json\/wp\/v2\/media?parent=289"}],"wp:term":[{"taxonomy":"product_brand","embeddable":true,"href":"https:\/\/elfuratas.lt\/index.php\/wp-json\/wp\/v2\/product_brand?post=289"},{"taxonomy":"product_cat","embeddable":true,"href":"https:\/\/elfuratas.lt\/index.php\/wp-json\/wp\/v2\/product_cat?post=289"},{"taxonomy":"product_tag","embeddable":true,"href":"https:\/\/elfuratas.lt\/index.php\/wp-json\/wp\/v2\/product_tag?post=289"}],"curies":[{"name":"wp","href":"https:\/\/api.w.org\/{rel}","templated":true}]}}