{"id":273,"date":"2023-07-25T15:29:46","date_gmt":"2023-07-25T12:29:46","guid":{"rendered":"https:\/\/elfuratas.lt\/?post_type=product&#038;p=273"},"modified":"2023-11-21T20:41:35","modified_gmt":"2023-11-21T17:41:35","slug":"sensorinis-kubas","status":"publish","type":"product","link":"https:\/\/elfuratas.lt\/index.php\/product\/sensorinis-kubas\/","title":{"rendered":"Sensorinis kubas"},"content":{"rendered":"<p>Sensorinis kubas lanks\u010diomis sienel\u0117mis &#8211; r\u016b\u0161iavimo d\u0117\u017eut\u0117 skirta patiems ma\u017eiausiems lavinti \u012fd\u0117jimo ir i\u0161\u0117mimo judesius, m\u0105stym\u0105, susikaupim\u0105. Galima \u0161\u012f kub\u0105 naudoti ir kaip r\u016b\u0161iavimo kub\u0105, ir kaip kalad\u0117li\u0173 d\u0117liojimo \u017eaidim\u0105.<\/p>\n<p>Sienel\u0117s yra lanks\u010dios, tod\u0117l galite b\u016bti ram\u016bs, jog vaiko rankyt\u0117s ne\u012fstrigs ir jis nesusi\u017ealos. Kubas pagamintas i\u0161 saugaus ir tvirto ABS plastiko.<\/p>\n","protected":false},"excerpt":{"rendered":"<p>Sensorinis kubas patiems ma\u017eiausiems: saugus, spalvotas ir \u012fdomus!<\/p>\n","protected":false},"featured_media":279,"template":"","meta":[],"product_brand":[],"product_cat":[32],"product_tag":[],"class_list":{"0":"post-273","1":"product","2":"type-product","3":"status-publish","4":"has-post-thumbnail","6":"product_cat-ivairus-zaislai","8":"first","9":"instock","10":"taxable","11":"shipping-taxable","12":"purchasable","13":"product-type-simple"},"_links":{"self":[{"href":"https:\/\/elfuratas.lt\/index.php\/wp-json\/wp\/v2\/product\/273","targetHints":{"allow":["GET"]}}],"collection":[{"href":"https:\/\/elfuratas.lt\/index.php\/wp-json\/wp\/v2\/product"}],"about":[{"href":"https:\/\/elfuratas.lt\/index.php\/wp-json\/wp\/v2\/types\/product"}],"wp:featuredmedia":[{"embeddable":true,"href":"https:\/\/elfuratas.lt\/index.php\/wp-json\/wp\/v2\/media\/279"}],"wp:attachment":[{"href":"https:\/\/elfuratas.lt\/index.php\/wp-json\/wp\/v2\/media?parent=273"}],"wp:term":[{"taxonomy":"product_brand","embeddable":true,"href":"https:\/\/elfuratas.lt\/index.php\/wp-json\/wp\/v2\/product_brand?post=273"},{"taxonomy":"product_cat","embeddable":true,"href":"https:\/\/elfuratas.lt\/index.php\/wp-json\/wp\/v2\/product_cat?post=273"},{"taxonomy":"product_tag","embeddable":true,"href":"https:\/\/elfuratas.lt\/index.php\/wp-json\/wp\/v2\/product_tag?post=273"}],"curies":[{"name":"wp","href":"https:\/\/api.w.org\/{rel}","templated":true}]}}