{"id":265,"date":"2023-07-25T15:15:05","date_gmt":"2023-07-25T12:15:05","guid":{"rendered":"https:\/\/elfuratas.lt\/?post_type=product&#038;p=265"},"modified":"2024-10-01T11:00:28","modified_gmt":"2024-10-01T08:00:28","slug":"kelioninis-veiklos-lagaminelis","status":"publish","type":"product","link":"https:\/\/elfuratas.lt\/index.php\/product\/kelioninis-veiklos-lagaminelis\/","title":{"rendered":"Kelioninis veiklos lagamin\u0117lis"},"content":{"rendered":"<p>Veiklos lagamin\u0117lis puikiai tiks ir \u012f park\u0105, ir \u012f ilg\u0105 kelion\u0119. Susilanksto \u012f nedidel\u012f lagamin\u0117l\u012f, bet gali pasigirti didele veikl\u0173 gausa. Net 14 element\u0173, kurie lavina skirtingus vaiko \u012fg\u016bd\u017eius, pavyzd\u017eiui, u\u017etrauktukas, bat\u0173 rai\u0161teliai, \u0161varko saga ir kt.<\/p>\n<p>\u0160is veiklos lagamin\u0117lis gali b\u016bti labai svarbia detale vystantis vaiko \u012fg\u016bd\u017eiams, kurie b\u016btini kasdieniame gyvenime, o jo i\u0161pildymas yra patrauklus ir \u012ftraukiantis.<\/p>\n<p>Rekomenduojama nuo 1 met\u0173 am\u017eiaus.<\/p>\n","protected":false},"excerpt":{"rendered":"<p>Veiklos lagamin\u0117lis J\u016bs\u0173 ramiai ir \u012fdomiai kelionei! Net 14 skirting\u0173 element\u0173 ilgam sudomins ir suteiks daug naudos \u012fg\u016bd\u017eiams!<\/p>\n","protected":false},"featured_media":269,"template":"","meta":[],"product_brand":[],"product_cat":[32,47],"product_tag":[],"class_list":{"0":"post-265","1":"product","2":"type-product","3":"status-publish","4":"has-post-thumbnail","6":"product_cat-ivairus-zaislai","7":"product_cat-kelionems","9":"first","10":"outofstock","11":"taxable","12":"shipping-taxable","13":"purchasable","14":"product-type-simple"},"_links":{"self":[{"href":"https:\/\/elfuratas.lt\/index.php\/wp-json\/wp\/v2\/product\/265","targetHints":{"allow":["GET"]}}],"collection":[{"href":"https:\/\/elfuratas.lt\/index.php\/wp-json\/wp\/v2\/product"}],"about":[{"href":"https:\/\/elfuratas.lt\/index.php\/wp-json\/wp\/v2\/types\/product"}],"wp:featuredmedia":[{"embeddable":true,"href":"https:\/\/elfuratas.lt\/index.php\/wp-json\/wp\/v2\/media\/269"}],"wp:attachment":[{"href":"https:\/\/elfuratas.lt\/index.php\/wp-json\/wp\/v2\/media?parent=265"}],"wp:term":[{"taxonomy":"product_brand","embeddable":true,"href":"https:\/\/elfuratas.lt\/index.php\/wp-json\/wp\/v2\/product_brand?post=265"},{"taxonomy":"product_cat","embeddable":true,"href":"https:\/\/elfuratas.lt\/index.php\/wp-json\/wp\/v2\/product_cat?post=265"},{"taxonomy":"product_tag","embeddable":true,"href":"https:\/\/elfuratas.lt\/index.php\/wp-json\/wp\/v2\/product_tag?post=265"}],"curies":[{"name":"wp","href":"https:\/\/api.w.org\/{rel}","templated":true}]}}