{"id":260,"date":"2023-07-25T15:06:15","date_gmt":"2023-07-25T12:06:15","guid":{"rendered":"https:\/\/elfuratas.lt\/?post_type=product&#038;p=260"},"modified":"2023-10-10T22:19:12","modified_gmt":"2023-10-10T19:19:12","slug":"medinis-zaidimas-braske","status":"publish","type":"product","link":"https:\/\/elfuratas.lt\/index.php\/product\/medinis-zaidimas-braske\/","title":{"rendered":"Medinis \u017eaidimas \u201eBra\u0161k\u0117\u201c"},"content":{"rendered":"<p>Medinis magnetinis \u017eaidimas \u201eBra\u0161k\u0117\u201c skirtas ma\u017eiausiems lavinti ranky\u010di\u0173 judesius ir i\u0161 bra\u0161k\u0117s traukti kirmeliukus.<\/p>\n<p>Smagus ir paprastas \u017eaidimas u\u017eims J\u016bs\u0173 vaik\u0105 ir tuo pat metu gerins jo erdvin\u012f poj\u016bt\u012f, rank\u0173, lyt\u0117jimo poj\u016b\u010dius, koordinacij\u0105.<\/p>\n<p>Daug spalv\u0173, kurias palaipsniui vaikas gali imti pa\u017einti ar tiesiog pasikartoti, 10 kirmeliuk\u0173, kuriuos galima skai\u010diuoti ir t.t.<\/p>\n","protected":false},"excerpt":{"rendered":"<p>Pagauk kirmeliuk\u0105 &#8211; i\u0161gelb\u0117k bra\u0161k\u0119! Smagus, spalvotas lavinamasis \u017eaidimas ma\u017eiausiems. Ir u\u017eims, ir bus naudingas j\u0173 poj\u016b\u010diams!<\/p>\n","protected":false},"featured_media":263,"template":"","meta":[],"product_brand":[],"product_cat":[25],"product_tag":[],"class_list":{"0":"post-260","1":"product","2":"type-product","3":"status-publish","4":"has-post-thumbnail","6":"product_cat-mediniai-zaislai","8":"first","9":"instock","10":"taxable","11":"shipping-taxable","12":"purchasable","13":"product-type-simple"},"_links":{"self":[{"href":"https:\/\/elfuratas.lt\/index.php\/wp-json\/wp\/v2\/product\/260","targetHints":{"allow":["GET"]}}],"collection":[{"href":"https:\/\/elfuratas.lt\/index.php\/wp-json\/wp\/v2\/product"}],"about":[{"href":"https:\/\/elfuratas.lt\/index.php\/wp-json\/wp\/v2\/types\/product"}],"wp:featuredmedia":[{"embeddable":true,"href":"https:\/\/elfuratas.lt\/index.php\/wp-json\/wp\/v2\/media\/263"}],"wp:attachment":[{"href":"https:\/\/elfuratas.lt\/index.php\/wp-json\/wp\/v2\/media?parent=260"}],"wp:term":[{"taxonomy":"product_brand","embeddable":true,"href":"https:\/\/elfuratas.lt\/index.php\/wp-json\/wp\/v2\/product_brand?post=260"},{"taxonomy":"product_cat","embeddable":true,"href":"https:\/\/elfuratas.lt\/index.php\/wp-json\/wp\/v2\/product_cat?post=260"},{"taxonomy":"product_tag","embeddable":true,"href":"https:\/\/elfuratas.lt\/index.php\/wp-json\/wp\/v2\/product_tag?post=260"}],"curies":[{"name":"wp","href":"https:\/\/api.w.org\/{rel}","templated":true}]}}