{"id":26,"date":"2023-07-02T20:17:29","date_gmt":"2023-07-02T17:17:29","guid":{"rendered":"https:\/\/elfuratas.lt\/?post_type=product&#038;p=26"},"modified":"2023-10-14T23:28:03","modified_gmt":"2023-10-14T20:28:03","slug":"leliu-rinkinys-seima-6-vnt","status":"publish","type":"product","link":"https:\/\/elfuratas.lt\/index.php\/product\/leliu-rinkinys-seima-6-vnt\/","title":{"rendered":"L\u0117li\u0173 rinkinys \u201e\u0160eima\u201c (6 vnt.)"},"content":{"rendered":"<p>Rinkinyje yra 6 l\u0117lyt\u0117s ant pir\u0161t\u0173. Skirta vaikams, ta\u010diau tiks ir suaugusiems, turintiems kiek ma\u017eesnius pir\u0161tus.<\/p>\n<p>L\u0117l\u0117s yra \u017eaismingos, spalvotos, malonios liesti, tod\u0117l atkreipia vaiko d\u0117mes\u012f ir skatina \u017eaisti, dom\u0117tis.<\/p>\n<p>\u0160ios l\u0117lyt\u0117s yra puiki priemon\u0117 skatinti vaizduot\u0119, k\u016brybi\u0161kum\u0105, tobulinti susikaupim\u0105, klausym\u0105si, kalb\u0117jimo \u012fg\u016bd\u017eius.<\/p>\n<p>Skirta bet kokio am\u017eiaus vaikams, atitinka EN71, CE sertifikat\u0173 reikalavimus. Vienos l\u0117l\u0117s svoris vos apie 4 gramus, o dydis apie 8 cm.<\/p>\n<p>&nbsp;<\/p>\n","protected":false},"excerpt":{"rendered":"<p>Ma\u017eos pir\u0161t\u0173 l\u0117lyt\u0117s &#8211; \u0161eima. Sukurkite teatr\u0105, pasirodym\u0105 ar tiesiog linksminkit\u0117s ir linksminkite savo ma\u017eiausius \u0161eimos narius.<\/p>\n","protected":false},"featured_media":30,"template":"","meta":[],"product_brand":[],"product_cat":[17],"product_tag":[18],"class_list":{"0":"post-26","1":"product","2":"type-product","3":"status-publish","4":"has-post-thumbnail","6":"product_cat-leles","7":"product_tag-pirstu-leles","9":"first","10":"instock","11":"taxable","12":"shipping-taxable","13":"purchasable","14":"product-type-simple"},"_links":{"self":[{"href":"https:\/\/elfuratas.lt\/index.php\/wp-json\/wp\/v2\/product\/26","targetHints":{"allow":["GET"]}}],"collection":[{"href":"https:\/\/elfuratas.lt\/index.php\/wp-json\/wp\/v2\/product"}],"about":[{"href":"https:\/\/elfuratas.lt\/index.php\/wp-json\/wp\/v2\/types\/product"}],"wp:featuredmedia":[{"embeddable":true,"href":"https:\/\/elfuratas.lt\/index.php\/wp-json\/wp\/v2\/media\/30"}],"wp:attachment":[{"href":"https:\/\/elfuratas.lt\/index.php\/wp-json\/wp\/v2\/media?parent=26"}],"wp:term":[{"taxonomy":"product_brand","embeddable":true,"href":"https:\/\/elfuratas.lt\/index.php\/wp-json\/wp\/v2\/product_brand?post=26"},{"taxonomy":"product_cat","embeddable":true,"href":"https:\/\/elfuratas.lt\/index.php\/wp-json\/wp\/v2\/product_cat?post=26"},{"taxonomy":"product_tag","embeddable":true,"href":"https:\/\/elfuratas.lt\/index.php\/wp-json\/wp\/v2\/product_tag?post=26"}],"curies":[{"name":"wp","href":"https:\/\/api.w.org\/{rel}","templated":true}]}}