{"id":252,"date":"2023-07-25T14:56:10","date_gmt":"2023-07-25T11:56:10","guid":{"rendered":"https:\/\/elfuratas.lt\/?post_type=product&#038;p=252"},"modified":"2023-10-14T12:18:39","modified_gmt":"2023-10-14T09:18:39","slug":"deimantine-delione-raktu-pakabukai","status":"publish","type":"product","link":"https:\/\/elfuratas.lt\/index.php\/product\/deimantine-delione-raktu-pakabukai\/","title":{"rendered":"Deimantin\u0117 d\u0117lion\u0117 &#8211; rakt\u0173 pakabukai"},"content":{"rendered":"<p>Deimantin\u0117 \/ mozaikin\u0117 d\u0117lion\u0117, kuri leis pasigaminti rakt\u0173 ar kuprin\u0117s pakabukus. Komplekte yra 12 plastikini\u0173 form\u0173, 9 skirting\u0173 spalv\u0173 deimantukai, 15 gradin\u0117li\u0173, 12 segtuk\u0173 (karabin\u0173) pakabukams, indelis spalv\u0173 r\u016b\u0161iavimui, aplikatorius ir klijai.<\/p>\n<p>Tai laisvalaikio u\u017esi\u0117mimas, kuris tinkamas ir vaikams, ir suaugusiems.<\/p>\n<p>Deimantin\u0117s d\u0117lion\u0117s privalumai:<\/p>\n<ul>\n<li>Lavina motorik\u0105;<\/li>\n<li>Ugdo kantryb\u0119;<\/li>\n<li>Lavina vaizduot\u0119;<\/li>\n<li>Stimuliuoja k\u016brybingum\u0105;<\/li>\n<li>Ma\u017eina stres\u0105;<\/li>\n<li>Skatina daugiau d\u0117mesio skirti pasidaryk pats projektams<\/li>\n<\/ul>\n","protected":false},"excerpt":{"rendered":"<p>Deimantin\u0117 d\u0117lion\u0117, i\u0161 kurios gal\u0117site pasigaminti rakt\u0173 pakabukus &#8211; lavinamoji priemon\u0117 rank\u0173 tikslumui, kantrybei ir maloniam laiko praleidimui.<\/p>\n","protected":false},"featured_media":255,"template":"","meta":[],"product_brand":[],"product_cat":[16],"product_tag":[],"class_list":{"0":"post-252","1":"product","2":"type-product","3":"status-publish","4":"has-post-thumbnail","6":"product_cat-rankdarbiai","8":"first","9":"instock","10":"taxable","11":"shipping-taxable","12":"purchasable","13":"product-type-simple"},"_links":{"self":[{"href":"https:\/\/elfuratas.lt\/index.php\/wp-json\/wp\/v2\/product\/252","targetHints":{"allow":["GET"]}}],"collection":[{"href":"https:\/\/elfuratas.lt\/index.php\/wp-json\/wp\/v2\/product"}],"about":[{"href":"https:\/\/elfuratas.lt\/index.php\/wp-json\/wp\/v2\/types\/product"}],"wp:featuredmedia":[{"embeddable":true,"href":"https:\/\/elfuratas.lt\/index.php\/wp-json\/wp\/v2\/media\/255"}],"wp:attachment":[{"href":"https:\/\/elfuratas.lt\/index.php\/wp-json\/wp\/v2\/media?parent=252"}],"wp:term":[{"taxonomy":"product_brand","embeddable":true,"href":"https:\/\/elfuratas.lt\/index.php\/wp-json\/wp\/v2\/product_brand?post=252"},{"taxonomy":"product_cat","embeddable":true,"href":"https:\/\/elfuratas.lt\/index.php\/wp-json\/wp\/v2\/product_cat?post=252"},{"taxonomy":"product_tag","embeddable":true,"href":"https:\/\/elfuratas.lt\/index.php\/wp-json\/wp\/v2\/product_tag?post=252"}],"curies":[{"name":"wp","href":"https:\/\/api.w.org\/{rel}","templated":true}]}}