{"id":246,"date":"2023-07-25T14:11:50","date_gmt":"2023-07-25T11:11:50","guid":{"rendered":"https:\/\/elfuratas.lt\/?post_type=product&#038;p=246"},"modified":"2023-11-26T10:56:51","modified_gmt":"2023-11-26T07:56:51","slug":"magnetiniu-rutuliuku-lenta","status":"publish","type":"product","link":"https:\/\/elfuratas.lt\/index.php\/product\/magnetiniu-rutuliuku-lenta\/","title":{"rendered":"Magnetini\u0173 rutuliuk\u0173 lenta"},"content":{"rendered":"<p>Lentel\u0117 su magnetiniais rutuliukais pie\u0161iniams kurti. Puiki priemon\u0117 kovoti su nuoboduliu kelion\u0117je, laukiant ko nors ar leid\u017eiant lieting\u0105 vakar\u0105. Pie\u0161tuku palie\u010diama atitinkama skylut\u0119 ir kamuoliukas pakyla bei u\u017epildo skylut\u0119.<\/p>\n<p>Prid\u0117ta 20 pavyzdini\u0173 kartonini\u0173 korteli\u0173, pagal kurias bus lengviau pai\u0161yti ant lentos, bent jau prad\u017eioje. V\u0117liau nesunkiai pavyks sukurti ir savo pie\u0161inius.<\/p>\n<p>\u0160is lavinamasis \u017eaidimas pad\u0117s lavinti rank\u0173 \u012fg\u016bd\u017eius, miklum\u0105, koordinacij\u0105, login\u012f m\u0105stym\u0105 ir, \u017einoma, kantryb\u0119!<\/p>\n<p>Rutuliukai yra lentos viduje, nei\u0161krenta, tod\u0117l tiks ir ma\u017eesniems vaikams.<\/p>\n<p>Pagaminta i\u0161 plastiko ir metalo.<\/p>\n<p>Yra 380 skylu\u010di\u0173 ir rutuliuk\u0173, \u017eaislo svoris &#8211; 320 gram\u0173.<\/p>\n","protected":false},"excerpt":{"rendered":"<p>Magnetini\u0173 rutuliuk\u0173 pie\u0161imo lentel\u0117 &#8211; puikus u\u017esi\u0117mimas kelyje, oro uoste ar tiesiog nuobod\u017eiaujant lietingais vakarais. Net 20 pavyzd\u017ei\u0173 pad\u0117s prad\u017eioje, o v\u0117liau kuo puikiausi pavyks kurti savo pie\u0161inius, raides ar skai\u010dius!<\/p>\n","protected":false},"featured_media":248,"template":"","meta":[],"product_brand":[],"product_cat":[32,47],"product_tag":[],"class_list":{"0":"post-246","1":"product","2":"type-product","3":"status-publish","4":"has-post-thumbnail","6":"product_cat-ivairus-zaislai","7":"product_cat-kelionems","9":"first","10":"outofstock","11":"taxable","12":"shipping-taxable","13":"purchasable","14":"product-type-simple"},"_links":{"self":[{"href":"https:\/\/elfuratas.lt\/index.php\/wp-json\/wp\/v2\/product\/246","targetHints":{"allow":["GET"]}}],"collection":[{"href":"https:\/\/elfuratas.lt\/index.php\/wp-json\/wp\/v2\/product"}],"about":[{"href":"https:\/\/elfuratas.lt\/index.php\/wp-json\/wp\/v2\/types\/product"}],"wp:featuredmedia":[{"embeddable":true,"href":"https:\/\/elfuratas.lt\/index.php\/wp-json\/wp\/v2\/media\/248"}],"wp:attachment":[{"href":"https:\/\/elfuratas.lt\/index.php\/wp-json\/wp\/v2\/media?parent=246"}],"wp:term":[{"taxonomy":"product_brand","embeddable":true,"href":"https:\/\/elfuratas.lt\/index.php\/wp-json\/wp\/v2\/product_brand?post=246"},{"taxonomy":"product_cat","embeddable":true,"href":"https:\/\/elfuratas.lt\/index.php\/wp-json\/wp\/v2\/product_cat?post=246"},{"taxonomy":"product_tag","embeddable":true,"href":"https:\/\/elfuratas.lt\/index.php\/wp-json\/wp\/v2\/product_tag?post=246"}],"curies":[{"name":"wp","href":"https:\/\/api.w.org\/{rel}","templated":true}]}}