{"id":153,"date":"2023-07-05T21:45:56","date_gmt":"2023-07-05T18:45:56","guid":{"rendered":"https:\/\/elfuratas.lt\/?post_type=product&#038;p=153"},"modified":"2023-12-10T21:56:27","modified_gmt":"2023-12-10T18:56:27","slug":"mediniai-leliu-namelio-baldai","status":"publish","type":"product","link":"https:\/\/elfuratas.lt\/index.php\/product\/mediniai-leliu-namelio-baldai\/","title":{"rendered":"Mediniai l\u0117li\u0173 namelio baldai"},"content":{"rendered":"<p>Koks namas be bald\u0173? L\u0117li\u0173 nameliams tai irgi galioja! \u0160is 34 bald\u0173 komplektas susideda net i\u0161 175 detali\u0173 ir visos jos medin\u0117s. N\u0117ra b\u016btina klijuoti ar da\u017eyti, bet siekiant tvirtumo ir estetikos galima klijuoti ir da\u017eyti dekupa\u017eo priemon\u0117mis.<\/p>\n<p>\u0160is \u017eaislas puikiai tinka ugdyti kantryb\u0119, skatinti k\u016brybi\u0161kum\u0105, suvokim\u0105 apie atskir\u0173 detali\u0173 sujungim\u0105 \u012f visum\u0105. Surinkti visus baldus atims nema\u017eai laiko, ta\u010diau tai bus tikrai prasmingai naudojamas vaiko laikas. Ma\u017eesniems galb\u016bt reik\u0117s daugiau pagalbos, tad tai puiki proga u\u017esiimti su vaiku kartu m\u0117gaujantis \u012fdomia veikla.<\/p>\n","protected":false},"excerpt":{"rendered":"<p>Mediniai l\u0117li\u0173 baldai, kuriuos reikia patiems susirinkti!<\/p>\n","protected":false},"featured_media":163,"template":"","meta":[],"product_brand":[],"product_cat":[24,25],"product_tag":[],"class_list":{"0":"post-153","1":"product","2":"type-product","3":"status-publish","4":"has-post-thumbnail","6":"product_cat-deliones","7":"product_cat-mediniai-zaislai","9":"first","10":"instock","11":"taxable","12":"shipping-taxable","13":"purchasable","14":"product-type-simple"},"_links":{"self":[{"href":"https:\/\/elfuratas.lt\/index.php\/wp-json\/wp\/v2\/product\/153","targetHints":{"allow":["GET"]}}],"collection":[{"href":"https:\/\/elfuratas.lt\/index.php\/wp-json\/wp\/v2\/product"}],"about":[{"href":"https:\/\/elfuratas.lt\/index.php\/wp-json\/wp\/v2\/types\/product"}],"wp:featuredmedia":[{"embeddable":true,"href":"https:\/\/elfuratas.lt\/index.php\/wp-json\/wp\/v2\/media\/163"}],"wp:attachment":[{"href":"https:\/\/elfuratas.lt\/index.php\/wp-json\/wp\/v2\/media?parent=153"}],"wp:term":[{"taxonomy":"product_brand","embeddable":true,"href":"https:\/\/elfuratas.lt\/index.php\/wp-json\/wp\/v2\/product_brand?post=153"},{"taxonomy":"product_cat","embeddable":true,"href":"https:\/\/elfuratas.lt\/index.php\/wp-json\/wp\/v2\/product_cat?post=153"},{"taxonomy":"product_tag","embeddable":true,"href":"https:\/\/elfuratas.lt\/index.php\/wp-json\/wp\/v2\/product_tag?post=153"}],"curies":[{"name":"wp","href":"https:\/\/api.w.org\/{rel}","templated":true}]}}