{"id":146,"date":"2023-07-05T21:30:39","date_gmt":"2023-07-05T18:30:39","guid":{"rendered":"https:\/\/elfuratas.lt\/?post_type=product&#038;p=146"},"modified":"2023-12-07T12:52:47","modified_gmt":"2023-12-07T09:52:47","slug":"mediniai-montessori-akmenukai","status":"publish","type":"product","link":"https:\/\/elfuratas.lt\/index.php\/product\/mediniai-montessori-akmenukai\/","title":{"rendered":"Mediniai Montessori akmenukai"},"content":{"rendered":"<p>Net 16 medini\u0173 Montessori akmenuk\u0173 leis sukurti \u012fvairiausius bok\u0161tus ir bok\u0161telius. Galb\u016bt dar anksti statyti \u012f vir\u0161\u0173? Galima kurti \u012fvairius ra\u0161tus, fig\u016bras. Skirtingos akmen\u0117li\u0173 spalvos atkreipia d\u0117mes\u012f, skatina gilinti pa\u017eint\u012f su skirtingomis spalvomis, o laisv\u0117 kurti bet kokias formas prisideda prie vaizduot\u0117s lavinimo.<\/p>\n<p>Pritr\u016bk\u0119 akmen\u0117li\u0173 gali \u012fsigyti papildom\u0105 kiek\u012f &#8211; taip sukursite dar didesnius bok\u0161tus ir vis \u012fmantresnius k\u016brinius. Viskas yra J\u016bs\u0173 ir J\u016bs\u0173 vaiko vaizduot\u0117je!<\/p>\n<p>Visi \u0161ie akmen\u0117liai pagaminti i\u0161 med\u017eio ir nuda\u017eyti \u012fvairiomis spalvomis.<\/p>\n<p>Did\u017eiausio akmenuko dydis yra 4 x 5 cm.<\/p>\n","protected":false},"excerpt":{"rendered":"<p>Net 16 medini\u0173 Montessori akmenuk\u0173 leis sukurti \u012fvairiausius bok\u0161tus ir bok\u0161telius. Galb\u016bt dar anksti statyti \u012f vir\u0161\u0173? Galima kurti \u012fvairius ra\u0161tus, fig\u016bras. Skirtingos akmen\u0117li\u0173 spalvos atkreipia d\u0117mes\u012f, skatina gilinti pa\u017eint\u012f su skirtingomis spalvomis, o laisv\u0117 kurti bet kokias formas prisideda prie vaizduot\u0117s lavinimo. Pritr\u016bk\u0119 akmen\u0117li\u0173 gali \u012fsigyti papildom\u0105 kiek\u012f &#8211; taip sukursite dar didesnius bok\u0161tus<\/p>\n<div class=\"more-link\">\n\t\t\t\t <a href=\"https:\/\/elfuratas.lt\/index.php\/product\/mediniai-montessori-akmenukai\/\" class=\"link-btn\"><span>Skaityti toliau <\/span> <i class=\"icofont-thin-double-right\"><\/i><\/a>\n\t\t\t<\/div>\n","protected":false},"featured_media":151,"template":"","meta":[],"product_brand":[],"product_cat":[24,25],"product_tag":[33],"class_list":{"0":"post-146","1":"product","2":"type-product","3":"status-publish","4":"has-post-thumbnail","6":"product_cat-deliones","7":"product_cat-mediniai-zaislai","8":"product_tag-montessori","10":"first","11":"outofstock","12":"taxable","13":"shipping-taxable","14":"purchasable","15":"product-type-simple"},"_links":{"self":[{"href":"https:\/\/elfuratas.lt\/index.php\/wp-json\/wp\/v2\/product\/146","targetHints":{"allow":["GET"]}}],"collection":[{"href":"https:\/\/elfuratas.lt\/index.php\/wp-json\/wp\/v2\/product"}],"about":[{"href":"https:\/\/elfuratas.lt\/index.php\/wp-json\/wp\/v2\/types\/product"}],"wp:featuredmedia":[{"embeddable":true,"href":"https:\/\/elfuratas.lt\/index.php\/wp-json\/wp\/v2\/media\/151"}],"wp:attachment":[{"href":"https:\/\/elfuratas.lt\/index.php\/wp-json\/wp\/v2\/media?parent=146"}],"wp:term":[{"taxonomy":"product_brand","embeddable":true,"href":"https:\/\/elfuratas.lt\/index.php\/wp-json\/wp\/v2\/product_brand?post=146"},{"taxonomy":"product_cat","embeddable":true,"href":"https:\/\/elfuratas.lt\/index.php\/wp-json\/wp\/v2\/product_cat?post=146"},{"taxonomy":"product_tag","embeddable":true,"href":"https:\/\/elfuratas.lt\/index.php\/wp-json\/wp\/v2\/product_tag?post=146"}],"curies":[{"name":"wp","href":"https:\/\/api.w.org\/{rel}","templated":true}]}}