{"id":137,"date":"2023-07-05T21:17:53","date_gmt":"2023-07-05T18:17:53","guid":{"rendered":"https:\/\/elfuratas.lt\/?post_type=product&#038;p=137"},"modified":"2023-12-15T16:07:11","modified_gmt":"2023-12-15T13:07:11","slug":"projektorius-piesimui","status":"publish","type":"product","link":"https:\/\/elfuratas.lt\/index.php\/product\/projektorius-piesimui\/","title":{"rendered":"Projektorius pie\u0161imui"},"content":{"rendered":"<p>\u0160is pie\u0161imo projektorius tai alternatyva pai\u0161ymui per lang\u0105 ar kit\u0105 med\u017eiag\u0105 ir pasitelkiant \u0161viesos \u0161altin\u012f. Toks pie\u0161imas kur kas paprastesnis ir patogesnis.<\/p>\n<p>\u0160i lavinamoji priemon\u0117 vaikams pad\u0117s lengviau pajusti kont\u016brus, vesti linijas ar spalvinti plotus. Skirtingai nei tiesiog pai\u0161aint \u0161is projektorius leis tai daryti taisyklingiau. \u017dinoma, tai neatstos tikro mokytojo, ta\u010diau laisvalaikiu tai ypa\u010d geras b\u016bdas lavinti rankos judesius.<\/p>\n<p>Komplekte yra 3 diskai su 24 paveiksl\u0117liais, tad tikrai bus k\u0105 pie\u0161ti. O kad b\u016bt\u0173 kur ir kuo pie\u0161ti &#8211; komplekte pridedama knygel\u0117 pie\u0161iniams ir 6 spalvoti pie\u0161imo \u017eymekliai.<\/p>\n<p>Reikalingos 3x LR44 baterijos (yra komplekte).<\/p>\n<p>&nbsp;<\/p>\n","protected":false},"excerpt":{"rendered":"<p>Norite, kad vaikas pramokt\u0173 pie\u0161ti? Lavint\u0173 taisykling\u0105 linijos br\u0117\u017eim\u0105? \u0160is pie\u0161imo projektorius puikiai t\u0105 pad\u0117s Jums pasiekti<\/p>\n","protected":false},"featured_media":144,"template":"","meta":[],"product_brand":[],"product_cat":[22],"product_tag":[],"class_list":{"0":"post-137","1":"product","2":"type-product","3":"status-publish","4":"has-post-thumbnail","6":"product_cat-dailei-piesimui","8":"first","9":"instock","10":"taxable","11":"shipping-taxable","12":"purchasable","13":"product-type-simple"},"_links":{"self":[{"href":"https:\/\/elfuratas.lt\/index.php\/wp-json\/wp\/v2\/product\/137","targetHints":{"allow":["GET"]}}],"collection":[{"href":"https:\/\/elfuratas.lt\/index.php\/wp-json\/wp\/v2\/product"}],"about":[{"href":"https:\/\/elfuratas.lt\/index.php\/wp-json\/wp\/v2\/types\/product"}],"wp:featuredmedia":[{"embeddable":true,"href":"https:\/\/elfuratas.lt\/index.php\/wp-json\/wp\/v2\/media\/144"}],"wp:attachment":[{"href":"https:\/\/elfuratas.lt\/index.php\/wp-json\/wp\/v2\/media?parent=137"}],"wp:term":[{"taxonomy":"product_brand","embeddable":true,"href":"https:\/\/elfuratas.lt\/index.php\/wp-json\/wp\/v2\/product_brand?post=137"},{"taxonomy":"product_cat","embeddable":true,"href":"https:\/\/elfuratas.lt\/index.php\/wp-json\/wp\/v2\/product_cat?post=137"},{"taxonomy":"product_tag","embeddable":true,"href":"https:\/\/elfuratas.lt\/index.php\/wp-json\/wp\/v2\/product_tag?post=137"}],"curies":[{"name":"wp","href":"https:\/\/api.w.org\/{rel}","templated":true}]}}