{"id":126,"date":"2023-07-05T21:03:41","date_gmt":"2023-07-05T18:03:41","guid":{"rendered":"https:\/\/elfuratas.lt\/?post_type=product&#038;p=126"},"modified":"2023-09-30T00:10:14","modified_gmt":"2023-09-29T21:10:14","slug":"lavinamieji-vamzdeliai","status":"publish","type":"product","link":"https:\/\/elfuratas.lt\/index.php\/product\/lavinamieji-vamzdeliai\/","title":{"rendered":"Lavinamieji vamzdeliai"},"content":{"rendered":"<p>\u012e vien\u0105 ilg\u0105 vamzd\u012f susijungiantys 20 spalvot\u0173 yra puiki lavinamoji priemon\u0117, skirta mokytis kantriai jungti detales tarpusavyje, formuoti junginius, formas.<\/p>\n<p>Jei vaikams \u017eaidimas pabos &#8211; t\u0117vams tai puiki streso ma\u017einimo priemon\u0117! Spalvos ir vamzdeli\u0173 jungin\u0117jimas padeda atsipalaidoti, pab\u016bti ramiai.<\/p>\n<p>Vamzdeliai yra 7 skirting\u0173 spalv\u0173, i\u0161 kuri\u0173 galima sujungti ir skai\u010dius, raides, sud\u0117lioti matematinius veiksmus ar bet k\u0105, k\u0105 tik sugalvojate!<\/p>\n<p>Vieno vamzdelio dydis yra 16,5 cm, bet jis i\u0161siskleid\u017eia iki 51,5 cm ilgio!<\/p>\n","protected":false},"excerpt":{"rendered":"<p>Spalvotieji lavinamieji vamzdeliai. I\u0161 20 trump\u0173 vamzdeli\u0173 galite sujungti labai dideles fig\u016bras, nes vamzdeliai kei\u010dia savo dyd\u012f!<\/p>\n","protected":false},"featured_media":129,"template":"","meta":[],"product_brand":[],"product_cat":[32],"product_tag":[],"class_list":{"0":"post-126","1":"product","2":"type-product","3":"status-publish","4":"has-post-thumbnail","6":"product_cat-ivairus-zaislai","8":"first","9":"outofstock","10":"taxable","11":"shipping-taxable","12":"purchasable","13":"product-type-simple"},"_links":{"self":[{"href":"https:\/\/elfuratas.lt\/index.php\/wp-json\/wp\/v2\/product\/126","targetHints":{"allow":["GET"]}}],"collection":[{"href":"https:\/\/elfuratas.lt\/index.php\/wp-json\/wp\/v2\/product"}],"about":[{"href":"https:\/\/elfuratas.lt\/index.php\/wp-json\/wp\/v2\/types\/product"}],"wp:featuredmedia":[{"embeddable":true,"href":"https:\/\/elfuratas.lt\/index.php\/wp-json\/wp\/v2\/media\/129"}],"wp:attachment":[{"href":"https:\/\/elfuratas.lt\/index.php\/wp-json\/wp\/v2\/media?parent=126"}],"wp:term":[{"taxonomy":"product_brand","embeddable":true,"href":"https:\/\/elfuratas.lt\/index.php\/wp-json\/wp\/v2\/product_brand?post=126"},{"taxonomy":"product_cat","embeddable":true,"href":"https:\/\/elfuratas.lt\/index.php\/wp-json\/wp\/v2\/product_cat?post=126"},{"taxonomy":"product_tag","embeddable":true,"href":"https:\/\/elfuratas.lt\/index.php\/wp-json\/wp\/v2\/product_tag?post=126"}],"curies":[{"name":"wp","href":"https:\/\/api.w.org\/{rel}","templated":true}]}}