{"id":120,"date":"2023-07-05T20:09:32","date_gmt":"2023-07-05T17:09:32","guid":{"rendered":"https:\/\/elfuratas.lt\/?post_type=product&#038;p=120"},"modified":"2023-12-15T04:20:41","modified_gmt":"2023-12-15T01:20:41","slug":"medine-rusiavimo-delione","status":"publish","type":"product","link":"https:\/\/elfuratas.lt\/index.php\/product\/medine-rusiavimo-delione\/","title":{"rendered":"Medin\u0117 r\u016b\u0161iavimo d\u0117lion\u0117"},"content":{"rendered":"<p>Mank\u0161tinti rankas ir atlikti paprastas u\u017eduotis svarbu jau ma\u017eo am\u017eiaus. R\u016b\u0161iavimo d\u0117lion\u0117s yra puiki prad\u017eia \u012fg\u016bd\u017eiams.<\/p>\n<p>\u0160is paprastas medinis \u017eaidimas bus puiki priemon\u0117 pa\u017einti skirtingas formas, ugdyti kantryb\u0119, lavinti vaizduot\u0119 ir prasmingi u\u017esiimti.<\/p>\n<p>R\u016b\u0161iuoklyje yra trys formos:<\/p>\n<ul>\n<li>apskritimas<\/li>\n<li>trikampis<\/li>\n<li>sta\u010diakampis<\/li>\n<\/ul>\n<p>Komplekte:<\/p>\n<ul>\n<li>pagrindas<\/li>\n<li>4 sta\u010diakampiai<\/li>\n<li>4 trikampiai<\/li>\n<li>5 \u017eiedai<\/li>\n<li>1 rutuliukas<\/li>\n<\/ul>\n","protected":false},"excerpt":{"rendered":"<p>Medin\u0117 d\u0117lion\u0117 &#8211; r\u016b\u0161iuoklis. Puikus pasirinkimas norintiems mokyti vaikus form\u0173 ir spalv\u0173.<\/p>\n","protected":false},"featured_media":123,"template":"","meta":[],"product_brand":[],"product_cat":[24,25],"product_tag":[],"class_list":{"0":"post-120","1":"product","2":"type-product","3":"status-publish","4":"has-post-thumbnail","6":"product_cat-deliones","7":"product_cat-mediniai-zaislai","9":"first","10":"instock","11":"taxable","12":"shipping-taxable","13":"purchasable","14":"product-type-simple"},"_links":{"self":[{"href":"https:\/\/elfuratas.lt\/index.php\/wp-json\/wp\/v2\/product\/120","targetHints":{"allow":["GET"]}}],"collection":[{"href":"https:\/\/elfuratas.lt\/index.php\/wp-json\/wp\/v2\/product"}],"about":[{"href":"https:\/\/elfuratas.lt\/index.php\/wp-json\/wp\/v2\/types\/product"}],"wp:featuredmedia":[{"embeddable":true,"href":"https:\/\/elfuratas.lt\/index.php\/wp-json\/wp\/v2\/media\/123"}],"wp:attachment":[{"href":"https:\/\/elfuratas.lt\/index.php\/wp-json\/wp\/v2\/media?parent=120"}],"wp:term":[{"taxonomy":"product_brand","embeddable":true,"href":"https:\/\/elfuratas.lt\/index.php\/wp-json\/wp\/v2\/product_brand?post=120"},{"taxonomy":"product_cat","embeddable":true,"href":"https:\/\/elfuratas.lt\/index.php\/wp-json\/wp\/v2\/product_cat?post=120"},{"taxonomy":"product_tag","embeddable":true,"href":"https:\/\/elfuratas.lt\/index.php\/wp-json\/wp\/v2\/product_tag?post=120"}],"curies":[{"name":"wp","href":"https:\/\/api.w.org\/{rel}","templated":true}]}}