{"id":113,"date":"2023-07-05T19:47:37","date_gmt":"2023-07-05T16:47:37","guid":{"rendered":"https:\/\/elfuratas.lt\/?post_type=product&#038;p=113"},"modified":"2023-12-15T16:06:54","modified_gmt":"2023-12-15T13:06:54","slug":"geometriniu-figuru-delione","status":"publish","type":"product","link":"https:\/\/elfuratas.lt\/index.php\/product\/geometriniu-figuru-delione\/","title":{"rendered":"Geometrini\u0173 fig\u016br\u0173 d\u0117lion\u0117"},"content":{"rendered":"<p>Pa\u017einti geometrines fig\u016bras vaikams \u012fdomu. O dar \u012fdomiau kai i\u0161 j\u0173 galima sud\u0117lioti k\u0105 nors gra\u017eaus ir smagaus. \u0160i d\u0117lion\u0117 kartu su edukacin\u0117mis kortel\u0117mis suteiks galimyb\u0119 sud\u0117lioti \u012fvairius objektus i\u0161 skirting\u0173 geometrini\u0173 fig\u016br\u0173: nuo saldainio iki automobilio!<\/p>\n<p>Fig\u016bros yra skirting\u0173 spalv\u0173, tad kartu galima prisiminti spalv\u0173 pavadinimus \u012fvairiomis kalbomis, susieti spalvas su formomis ir t.t.<\/p>\n<p>Fig\u016br\u0117l\u0117s pagamintos i\u0161 med\u017eio. Yra penkis sud\u0117tingumo lygiai, ta\u010diau galima d\u0117lioti ir savo susigalvotas formas.<\/p>\n","protected":false},"excerpt":{"rendered":"<p>Geometrin\u0117s fig\u016bros, kuriomis galima sukurti daugyb\u0119 \u012fdomi\u0173 objekt\u0173. Net 5 sud\u0117tingumo lygiai!<\/p>\n","protected":false},"featured_media":116,"template":"","meta":[],"product_brand":[],"product_cat":[24,25],"product_tag":[31],"class_list":{"0":"post-113","1":"product","2":"type-product","3":"status-publish","4":"has-post-thumbnail","6":"product_cat-deliones","7":"product_cat-mediniai-zaislai","8":"product_tag-geometrines-figuros","10":"first","11":"outofstock","12":"taxable","13":"shipping-taxable","14":"purchasable","15":"product-type-simple"},"_links":{"self":[{"href":"https:\/\/elfuratas.lt\/index.php\/wp-json\/wp\/v2\/product\/113","targetHints":{"allow":["GET"]}}],"collection":[{"href":"https:\/\/elfuratas.lt\/index.php\/wp-json\/wp\/v2\/product"}],"about":[{"href":"https:\/\/elfuratas.lt\/index.php\/wp-json\/wp\/v2\/types\/product"}],"wp:featuredmedia":[{"embeddable":true,"href":"https:\/\/elfuratas.lt\/index.php\/wp-json\/wp\/v2\/media\/116"}],"wp:attachment":[{"href":"https:\/\/elfuratas.lt\/index.php\/wp-json\/wp\/v2\/media?parent=113"}],"wp:term":[{"taxonomy":"product_brand","embeddable":true,"href":"https:\/\/elfuratas.lt\/index.php\/wp-json\/wp\/v2\/product_brand?post=113"},{"taxonomy":"product_cat","embeddable":true,"href":"https:\/\/elfuratas.lt\/index.php\/wp-json\/wp\/v2\/product_cat?post=113"},{"taxonomy":"product_tag","embeddable":true,"href":"https:\/\/elfuratas.lt\/index.php\/wp-json\/wp\/v2\/product_tag?post=113"}],"curies":[{"name":"wp","href":"https:\/\/api.w.org\/{rel}","templated":true}]}}