{"id":11,"date":"2023-06-27T15:10:29","date_gmt":"2023-06-27T12:10:29","guid":{"rendered":"https:\/\/elfuratas.lt\/?post_type=product&#038;p=11"},"modified":"2023-11-27T00:44:32","modified_gmt":"2023-11-26T21:44:32","slug":"ziedimo-ratas-vaikams-ir-ne-tik","status":"publish","type":"product","link":"https:\/\/elfuratas.lt\/index.php\/product\/ziedimo-ratas-vaikams-ir-ne-tik\/","title":{"rendered":"\u017diedimo ratas vaikams (ir ne tik)"},"content":{"rendered":"<p>\u017diedimo ratas (arba kitaip puod\u017eiaus ratas) yra puiki priemon\u0117 pramokti dirbti su moliu ne tik rankomis, bet ir su \u012franga. Tai gera alternatyva brangiai keramikos \u012frangai, puikiai tinkanti tiek vaikams, tiek ir suaugusiems, kurie nori i\u0161m\u0117ginti savo menines galimybes \u017eied\u017eiant.<\/p>\n<p>&nbsp;<\/p>\n","protected":false},"excerpt":{"rendered":"<p>Ar nor\u0117tum\u0117te pasidaryti savo unikali\u0105 vazel\u0119? Puodel\u012f? L\u0117k\u0161tel\u0119? Su \u017eiedimo ratu gal\u0117site molio kalad\u0119 paversti unikaliu meno k\u016briniu! Galb\u016bt Jumyse slypi tikras puod\u017eius!<\/p>\n<p>\u017daislas veikia naudodamas dvi D baterijas (LR20). Baterijos nepridedamos.<\/p>\n","protected":false},"featured_media":13,"template":"","meta":[],"product_brand":[],"product_cat":[16],"product_tag":[],"class_list":{"0":"post-11","1":"product","2":"type-product","3":"status-publish","4":"has-post-thumbnail","6":"product_cat-rankdarbiai","8":"first","9":"outofstock","10":"taxable","11":"shipping-taxable","12":"purchasable","13":"product-type-simple"},"_links":{"self":[{"href":"https:\/\/elfuratas.lt\/index.php\/wp-json\/wp\/v2\/product\/11","targetHints":{"allow":["GET"]}}],"collection":[{"href":"https:\/\/elfuratas.lt\/index.php\/wp-json\/wp\/v2\/product"}],"about":[{"href":"https:\/\/elfuratas.lt\/index.php\/wp-json\/wp\/v2\/types\/product"}],"wp:featuredmedia":[{"embeddable":true,"href":"https:\/\/elfuratas.lt\/index.php\/wp-json\/wp\/v2\/media\/13"}],"wp:attachment":[{"href":"https:\/\/elfuratas.lt\/index.php\/wp-json\/wp\/v2\/media?parent=11"}],"wp:term":[{"taxonomy":"product_brand","embeddable":true,"href":"https:\/\/elfuratas.lt\/index.php\/wp-json\/wp\/v2\/product_brand?post=11"},{"taxonomy":"product_cat","embeddable":true,"href":"https:\/\/elfuratas.lt\/index.php\/wp-json\/wp\/v2\/product_cat?post=11"},{"taxonomy":"product_tag","embeddable":true,"href":"https:\/\/elfuratas.lt\/index.php\/wp-json\/wp\/v2\/product_tag?post=11"}],"curies":[{"name":"wp","href":"https:\/\/api.w.org\/{rel}","templated":true}]}}