{"id":9,"date":"2023-07-19T18:25:31","date_gmt":"2023-07-19T15:25:31","guid":{"rendered":"https:\/\/elfuratas.lt\/?page_id=9"},"modified":"2023-07-23T17:43:19","modified_gmt":"2023-07-23T14:43:19","slug":"refund_returns","status":"publish","type":"page","link":"https:\/\/elfuratas.lt\/index.php\/refund_returns\/","title":{"rendered":"Gr\u0105\u017einimo politika"},"content":{"rendered":"<p>M\u016bs\u0173 gr\u0105\u017einimo politika galioja 14 dien\u0173 nuo prek\u0117s atsi\u0117mimo i\u0161 pa\u0161tomato arba pristatymo J\u016bs\u0173 adresu. Po 14 dien\u0173 gr\u0105\u017einimo politika negalioja. Gali b\u016bti taikoma garantija, jei pirktai prekei tokia yra taikoma arba draudimas.<\/p><p>Gr\u0105\u017einimas galimas tik tuo atveju, jei prek\u0117s yra nenaudotos, originalioje pakuot\u0117je ir pilnos komplektacijos.<\/p><h3 class=\"wp-block-heading\">Pinig\u0173 gr\u0105\u017einimo eiga<\/h3><p>Pinig\u0173 gr\u0105\u017einimas vykdomas gavus gr\u0105\u017einamas prekes i\u0161 J\u016bs\u0173 ir \u012fvertinus j\u0173 b\u016bkl\u0119. Apie gr\u0105\u017einimo patvirtinim\u0105 arba atsisakym\u0105 gr\u0105\u017einti pinigus b\u016bsite informuoti el. pa\u0161tu arba kitu pageidaujamu b\u016bdu. <\/p><p>Nor\u0117dami gr\u0105\u017einti prek\u0119 kreipkit\u0117s el. pa\u0161tu grazinimai@elfuratas.lt, Jums bus atsi\u0173stas adresas arba pa\u0161tomatas, \u012f kur\u012f gal\u0117site pristatyti gr\u0105\u017einam\u0105 prek\u0119. Gr\u0105\u017einimo siuntimo i\u0161laidos n\u0117ra dengiamos. El. lai\u0161ke pra\u0161ome nurodyti Jums patogiausi\u0105 gr\u0105\u017einimo b\u016bd\u0105 ir savo pageidavimus (atgauti pinigus, pakeisti prek\u0119 ar pan.)<\/p>","protected":false},"excerpt":{"rendered":"<p>M\u016bs\u0173 gr\u0105\u017einimo politika galioja 14 dien\u0173 nuo prek\u0117s atsi\u0117mimo i\u0161 pa\u0161tomato arba pristatymo J\u016bs\u0173 adresu. Po 14 dien\u0173 gr\u0105\u017einimo politika negalioja. Gali b\u016bti taikoma garantija, jei pirktai prekei tokia yra taikoma arba draudimas. Gr\u0105\u017einimas galimas tik tuo atveju, jei prek\u0117s yra nenaudotos, originalioje pakuot\u0117je ir pilnos komplektacijos. Pinig\u0173 gr\u0105\u017einimo eiga Pinig\u0173 gr\u0105\u017einimas vykdomas gavus gr\u0105\u017einamas<\/p>\n<div class=\"more-link\">\n\t\t\t\t <a href=\"https:\/\/elfuratas.lt\/index.php\/refund_returns\/\" class=\"link-btn\"><span>Skaityti toliau <\/span> <i class=\"icofont-thin-double-right\"><\/i><\/a>\n\t\t\t<\/div>\n","protected":false},"author":1,"featured_media":0,"parent":0,"menu_order":0,"comment_status":"closed","ping_status":"closed","template":"","meta":{"footnotes":""},"class_list":["post-9","page","type-page","status-publish","hentry"],"_links":{"self":[{"href":"https:\/\/elfuratas.lt\/index.php\/wp-json\/wp\/v2\/pages\/9","targetHints":{"allow":["GET"]}}],"collection":[{"href":"https:\/\/elfuratas.lt\/index.php\/wp-json\/wp\/v2\/pages"}],"about":[{"href":"https:\/\/elfuratas.lt\/index.php\/wp-json\/wp\/v2\/types\/page"}],"author":[{"embeddable":true,"href":"https:\/\/elfuratas.lt\/index.php\/wp-json\/wp\/v2\/users\/1"}],"replies":[{"embeddable":true,"href":"https:\/\/elfuratas.lt\/index.php\/wp-json\/wp\/v2\/comments?post=9"}],"version-history":[{"count":2,"href":"https:\/\/elfuratas.lt\/index.php\/wp-json\/wp\/v2\/pages\/9\/revisions"}],"predecessor-version":[{"id":236,"href":"https:\/\/elfuratas.lt\/index.php\/wp-json\/wp\/v2\/pages\/9\/revisions\/236"}],"wp:attachment":[{"href":"https:\/\/elfuratas.lt\/index.php\/wp-json\/wp\/v2\/media?parent=9"}],"curies":[{"name":"wp","href":"https:\/\/api.w.org\/{rel}","templated":true}]}}