{"id":237,"date":"2023-07-23T17:48:03","date_gmt":"2023-07-23T14:48:03","guid":{"rendered":"https:\/\/elfuratas.lt\/?page_id=237"},"modified":"2023-07-23T17:54:13","modified_gmt":"2023-07-23T14:54:13","slug":"apie","status":"publish","type":"page","link":"https:\/\/elfuratas.lt\/index.php\/apie\/","title":{"rendered":"Apie \/ kontaktai"},"content":{"rendered":"<p>Parduotuv\u0119 elfuratas.lt valdo MB \u201eElf\u0173 ratas\u201c, \u012f. k. 306057858, PVM mok. kodas LT100014885312.<\/p><p>Pagrindin\u0117 parduotuv\u0117s paskirtis yra si\u016blyti lavinamuosius \u017eaislus \u012fvairaus am\u017eiaus vaikams ir j\u0173 t\u0117vams palankiomis s\u0105lygomis. Visos prek\u0117s yra m\u016bs\u0173 sand\u0117lyje, i\u0161skyrus jei nurodyta kitaip, tod\u0117l vos gav\u0119 u\u017esakym\u0105 pradedame r\u016bpintis pakavimu ir \u012fprastai i\u0161siun\u010diame per 2 darbo dienas. Tolesn\u0117 pristatymo eiga priklauso nuo kurjeri\u0173 ir pa\u0161tomat\u0173 apkrovimo.<\/p><p>M\u016bs\u0173 prioritetas yra mediniai lavinamieji \u017eaislai, kurie ne tik padeda lavinti vaik\u0173 geb\u0117jimus, ugdyti juos, bet taip pat ir yra ilgaam\u017ei\u0161kesni u\u017e daugel\u012f plastikini\u0173 \u017eaisl\u0173.<\/p><p>Kilus klausimams galite susisiekti el. pa\u0161tu labas@elfuratas.lt bei <a href=\"https:\/\/www.facebook.com\/elfuratas\" target=\"_blank\" rel=\"noreferrer noopener\">Facebook<\/a> \u017einut\u0117mis<\/p>","protected":false},"excerpt":{"rendered":"<p>Parduotuv\u0119 elfuratas.lt valdo MB \u201eElf\u0173 ratas\u201c, \u012f. k. 306057858, PVM mok. kodas LT100014885312. Pagrindin\u0117 parduotuv\u0117s paskirtis yra si\u016blyti lavinamuosius \u017eaislus \u012fvairaus am\u017eiaus vaikams ir j\u0173 t\u0117vams palankiomis s\u0105lygomis. Visos prek\u0117s yra m\u016bs\u0173 sand\u0117lyje, i\u0161skyrus jei nurodyta kitaip, tod\u0117l vos gav\u0119 u\u017esakym\u0105 pradedame r\u016bpintis pakavimu ir \u012fprastai i\u0161siun\u010diame per 2 darbo dienas. Tolesn\u0117 pristatymo eiga priklauso<\/p>\n<div class=\"more-link\">\n\t\t\t\t <a href=\"https:\/\/elfuratas.lt\/index.php\/apie\/\" class=\"link-btn\"><span>Skaityti toliau <\/span> <i class=\"icofont-thin-double-right\"><\/i><\/a>\n\t\t\t<\/div>\n","protected":false},"author":1,"featured_media":0,"parent":0,"menu_order":0,"comment_status":"closed","ping_status":"closed","template":"","meta":{"footnotes":""},"class_list":["post-237","page","type-page","status-publish","hentry"],"_links":{"self":[{"href":"https:\/\/elfuratas.lt\/index.php\/wp-json\/wp\/v2\/pages\/237","targetHints":{"allow":["GET"]}}],"collection":[{"href":"https:\/\/elfuratas.lt\/index.php\/wp-json\/wp\/v2\/pages"}],"about":[{"href":"https:\/\/elfuratas.lt\/index.php\/wp-json\/wp\/v2\/types\/page"}],"author":[{"embeddable":true,"href":"https:\/\/elfuratas.lt\/index.php\/wp-json\/wp\/v2\/users\/1"}],"replies":[{"embeddable":true,"href":"https:\/\/elfuratas.lt\/index.php\/wp-json\/wp\/v2\/comments?post=237"}],"version-history":[{"count":2,"href":"https:\/\/elfuratas.lt\/index.php\/wp-json\/wp\/v2\/pages\/237\/revisions"}],"predecessor-version":[{"id":242,"href":"https:\/\/elfuratas.lt\/index.php\/wp-json\/wp\/v2\/pages\/237\/revisions\/242"}],"wp:attachment":[{"href":"https:\/\/elfuratas.lt\/index.php\/wp-json\/wp\/v2\/media?parent=237"}],"curies":[{"name":"wp","href":"https:\/\/api.w.org\/{rel}","templated":true}]}}