{"id":228,"date":"2023-07-19T18:29:41","date_gmt":"2023-07-19T15:29:41","guid":{"rendered":"https:\/\/elfuratas.lt\/?page_id=228"},"modified":"2023-11-24T17:55:20","modified_gmt":"2023-11-24T14:55:20","slug":"pristatymas-ir-apmokejimas","status":"publish","type":"page","link":"https:\/\/elfuratas.lt\/index.php\/pristatymas-ir-apmokejimas\/","title":{"rendered":"Pristatymas ir apmok\u0117jimas"},"content":{"rendered":"<p>Preki\u0173 pristatymas vykdomas tik u\u017e jas apmok\u0117jus i\u0161 anksto. Apmok\u0117jimo b\u016bdai:<\/p><ul class=\"wp-block-list\"><li>Pavedimu \u012f MB \u201eElf\u0173 ratas\u201c banko s\u0105skait\u0105<\/li>\n\n<li>Naudojantis Paysera mok\u0117jim\u0173 surinkimo paslauga<\/li><\/ul><p>Pristatymas gali b\u016bti vykdomas J\u016bs\u0173 pasirinktu b\u016bdu:<\/p><ul class=\"wp-block-list\"><li>\u012e LPexpress pa\u0161tomatus<\/li>\n\n<li>LPexpress kurjeriu \u012f Jums patogi\u0105 viet\u0105 (namus, biur\u0105 ar kt.)<\/li><\/ul><p>Pristatymo kaina priklauso nuo pasirinkto pristatymo b\u016bdo ir j\u0105 matysite apmok\u0117jimo lange. Apmok\u0117jimas papildomai neapmokestinamas. <\/p><p>Prekes i\u0161siun\u010diame per 1-3 darbo dienas.<\/p>","protected":false},"excerpt":{"rendered":"<p>Preki\u0173 pristatymas vykdomas tik u\u017e jas apmok\u0117jus i\u0161 anksto. Apmok\u0117jimo b\u016bdai: Pristatymas gali b\u016bti vykdomas J\u016bs\u0173 pasirinktu b\u016bdu: Pristatymo kaina priklauso nuo pasirinkto pristatymo b\u016bdo ir j\u0105 matysite apmok\u0117jimo lange. Apmok\u0117jimas papildomai neapmokestinamas. Prekes i\u0161siun\u010diame per 1-3 darbo dienas.<\/p>\n","protected":false},"author":1,"featured_media":0,"parent":0,"menu_order":0,"comment_status":"closed","ping_status":"closed","template":"","meta":{"footnotes":""},"class_list":["post-228","page","type-page","status-publish","hentry"],"_links":{"self":[{"href":"https:\/\/elfuratas.lt\/index.php\/wp-json\/wp\/v2\/pages\/228","targetHints":{"allow":["GET"]}}],"collection":[{"href":"https:\/\/elfuratas.lt\/index.php\/wp-json\/wp\/v2\/pages"}],"about":[{"href":"https:\/\/elfuratas.lt\/index.php\/wp-json\/wp\/v2\/types\/page"}],"author":[{"embeddable":true,"href":"https:\/\/elfuratas.lt\/index.php\/wp-json\/wp\/v2\/users\/1"}],"replies":[{"embeddable":true,"href":"https:\/\/elfuratas.lt\/index.php\/wp-json\/wp\/v2\/comments?post=228"}],"version-history":[{"count":3,"href":"https:\/\/elfuratas.lt\/index.php\/wp-json\/wp\/v2\/pages\/228\/revisions"}],"predecessor-version":[{"id":945,"href":"https:\/\/elfuratas.lt\/index.php\/wp-json\/wp\/v2\/pages\/228\/revisions\/945"}],"wp:attachment":[{"href":"https:\/\/elfuratas.lt\/index.php\/wp-json\/wp\/v2\/media?parent=228"}],"curies":[{"name":"wp","href":"https:\/\/api.w.org\/{rel}","templated":true}]}}